{"id":2094,"date":"2021-12-04T14:46:07","date_gmt":"2021-12-04T14:46:07","guid":{"rendered":"https:\/\/educando.zoodelpirineu.com\/colonias-escolares\/"},"modified":"2025-06-17T12:56:10","modified_gmt":"2025-06-17T10:56:10","slug":"colonias-escolares","status":"publish","type":"page","link":"https:\/\/educando.zoodelpirineu.com\/es\/colonias-escolares\/","title":{"rendered":"Colonias escolares y actividades educativas"},"content":{"rendered":"\n<div class=\"wp-block-media-text alignwide has-media-on-the-right is-stacked-on-mobile has-background\" style=\"background-color:#e8e8e8\"><div class=\"wp-block-media-text__content\">\n<div style=\"height:20px\" aria-hidden=\"true\" class=\"wp-block-spacer\"><\/div>\n\n\n\n<p>Os presentamos una manera <strong>f\u00e1cil<\/strong> y <strong>c\u00f3moda<\/strong> que permitir\u00e1 que vuestros alumnos participen en las actividades del Zoo de los Pirineos. Organizarlo no os costar\u00e1 tiempo ni dolores de cabeza. <strong>\u00a1Aprovechad nuestras colonias escolares!<\/strong><\/p>\n\n\n\n<p>Pod\u00e9is:<\/p>\n\n\n\n<ul class=\"wp-block-list\">\n<li>Hacer una parada en el Zoo de los Pirineos aprovechando el viaje de ida o de vuelta.<\/li>\n\n\n\n<li>Pedir que hagamos los talleres directamente en la casa de colonias escolares.<\/li>\n<\/ul>\n\n\n\n<p>En ambos casos <strong>aclararemos todos los detalles directamente con vuestra casa de colonias<\/strong>. Es decir, vosotros solo nos comunicar\u00e9is:<\/p>\n\n\n\n<ul class=\"wp-block-list\">\n<li>Edad y n\u00famero de alumnos que participan<\/li>\n\n\n\n<li>D\u00f3nde os alojar\u00e9is<\/li>\n\n\n\n<li>Si quer\u00e9is hacer una parada en el parque o hacer las actividades en la casa de colonias.<\/li>\n<\/ul>\n\n\n\n<p>Nosotros nos encargamos de toda la parte organizativa. \u00a1Conf\u00eda en nosotros para planificar una experiencia memorable de <strong>colonias escolares<\/strong> donde educaci\u00f3n y diversi\u00f3n se unen en un entorno natural \u00fanico!<\/p>\n<\/div><figure class=\"wp-block-media-text__media\"><img loading=\"lazy\" decoding=\"async\" width=\"400\" height=\"300\" src=\"http:\/\/educando.zoodelpirineu.com\/wp-content\/uploads\/2021\/11\/Tallers-amb-animals-a-cases-de-colonies.jpg\" alt=\"Oferta educativa durante colonias escolares\" class=\"wp-image-685 size-full\" srcset=\"https:\/\/educando.zoodelpirineu.com\/wp-content\/uploads\/2021\/11\/Tallers-amb-animals-a-cases-de-colonies.jpg 400w, https:\/\/educando.zoodelpirineu.com\/wp-content\/uploads\/2021\/11\/Tallers-amb-animals-a-cases-de-colonies-300x225.jpg 300w\" sizes=\"auto, (max-width: 400px) 100vw, 400px\" \/><\/figure><\/div>\n\n\n\n<div class=\"wp-block-cover is-light\" style=\"min-height:112px;aspect-ratio:unset;\"><span aria-hidden=\"true\" class=\"wp-block-cover__background has-background-dim-100 has-background-dim has-background-gradient has-vivid-cyan-blue-to-vivid-purple-gradient-background\"><\/span><div class=\"wp-block-cover__inner-container is-layout-flow wp-block-cover-is-layout-flow\">\n<p class=\"has-text-align-left\">En otras palabras: <strong>combinar las colonias escolares con talleres con animales salvajes es una opci\u00f3n ventajosa<\/strong> que permite a vuestros alumnos participar en talleres que a veces podr\u00edan ser complicados de compaginar con las horas lectivas de vuestro centro educativo.<\/p>\n<\/div><\/div>\n\n\n\n<div style=\"height:55px\" aria-hidden=\"true\" class=\"wp-block-spacer\"><\/div>\n\n\n\n<div class=\"wp-block-cover is-light has-parallax\"><div class=\"wp-block-cover__image-background wp-image-670 has-parallax\" style=\"background-position:50% 50%;background-image:url(http:\/\/educando.zoodelpirineu.com\/wp-content\/uploads\/2021\/11\/Colonies-escolars.jpg)\"><\/div><span aria-hidden=\"true\" class=\"wp-block-cover__background has-background-dim-20 has-background-dim\"><\/span><div class=\"wp-block-cover__inner-container is-layout-flow wp-block-cover-is-layout-flow\">\n<h2 class=\"wp-block-heading has-text-align-left has-base-3-color has-text-color has-link-color wp-elements-55915f8c317c96fbec7d54f021b676b2\">\u00a0\u00bfCu\u00e1les son las modalidades de nuestras colonias escolares?<\/h2>\n<\/div><\/div>\n\n\n\n<h2 class=\"wp-block-heading\">Descubre nuestros talleres para colonias escolares<\/h2>\n\n\n\n<h3 class=\"wp-block-heading\">Actividad nocturna en nuestras colonias escolares<\/h3>\n\n\n\n<p>La <strong>actividad m\u00e1s solicitada en nuestras colonias escolares<\/strong> es la modalidad de actividad nocturna. Despu\u00e9s de cenar los alumnos disfrutan de un ambiente calmado y misterioso durante el que conocen las <strong>sensaciones de encontrarse con animales que habitan en la oscuridad de la noche<\/strong>. La actividad dura 1 hora, aunque nuestro equipo a menudo se queda con los alumnos m\u00e1s rato paro poder responder todas sus preguntas. Despertar el inter\u00e9s por la naturaleza en los j\u00f3venes da sentido a nuestra tarea y, por tanto, estamos encantados de alargar el taller en beneficio de satisfacer la curiosidad de los estudiantes. \u00a1Esta actividad a\u00f1ade una gran dosis de adrenalina y educaci\u00f3n a nuestras colonias escolares!<\/p>\n\n\n\n<h3 class=\"wp-block-heading\">Actividad diurna en nuestras colonias escolares<\/h3>\n\n\n\n<p>Todas las colonias escolares\u00a0 tienen su oferta de actividades bien trabajada y las escuelas escogen la que m\u00e1s les gusta. A pesar de esto, <strong>a veces interviene el clima y las actividades no se pueden llevar a cabo<\/strong>. Consecuentemente, se hacen talleres alternativos a la planificaci\u00f3n prevista. Desgraciadamente en este caso no siempre es posible ofrecer talleres educativos de un valor destacable para los alumnos.<\/p>\n\n\n\n<p><strong>Y es en estas ocasiones<\/strong> en las que recibimos llamadas para venir a hacer actividades diurnas en nuestras colonias escolares, tanto de los propios alojamientos como de los centros educativos.<strong> Los talleres con fauna salvaje en estas condiciones habitualmente tienen una duraci\u00f3n de 2-3 horas<\/strong>. De esta manera la actividad con fauna salvaje llena todo el bloque de actividades matinales o de la tarde.<\/p>\n\n\n\n<div style=\"height:25px\" aria-hidden=\"true\" class=\"wp-block-spacer\"><\/div>\n\n\n\n<div class=\"wp-block-cover is-light has-parallax\"><div class=\"wp-block-cover__image-background wp-image-676 has-parallax\" style=\"background-position:50% 50%;background-image:url(http:\/\/educando.zoodelpirineu.com\/wp-content\/uploads\/2021\/11\/Activitats-en-temps-de-pluja.jpg)\"><\/div><span aria-hidden=\"true\" class=\"wp-block-cover__background has-background-dim-10 has-background-dim\"><\/span><div class=\"wp-block-cover__inner-container is-layout-flow wp-block-cover-is-layout-flow\">\n<h2 class=\"wp-block-heading has-text-align-center has-base-3-color has-text-color has-link-color wp-elements-ae6334a76df29a88d63d47b88a7936b5\">Lluvia en tus colonias escolares? Tenemos el Plan B<\/h2>\n<\/div><\/div>\n\n\n\n<p>Si la previsi\u00f3n de clima para vuestras colonias escolares no tiene buena pinta, nos pod\u00e9is llamar al tel\u00e9fono 610 750 224. Nos inform\u00e1is sobre:<\/p>\n\n\n\n<ul class=\"wp-block-list\">\n<li>Lugar en el que os alojar\u00e9is<\/li>\n\n\n\n<li>D\u00edas para los cuales quer\u00e9is reservar nuestra actividad como plan B<\/li>\n\n\n\n<li>N\u00famero y edad de los alumnos<\/li>\n<\/ul>\n\n\n\n<p>Posteriormente confirmaremos por email nuestra disponibilidad, haremos la gesti\u00f3n con vuestra casa de colonias escolares y os enviaremos el presupuesto.<\/p>\n\n\n\n<p>Dado que la <strong>previsi\u00f3n de tiempo no siempre coincide con la realidad<\/strong>, a menudo las actividades planificadas originariamente se pueden realizar sin ning\u00fan problema. Es por esta raz\u00f3n que necesitamos que nos <strong>confirm\u00e9is 1 d\u00eda antes de la actividad si finalmente debemos venir o no<\/strong>.<\/p>\n\n\n\n<div style=\"height:55px\" aria-hidden=\"true\" class=\"wp-block-spacer\"><\/div>\n\n\n\n<h2 class=\"wp-block-heading\">Nuestras casas de colonias escolares<\/h2>\n\n\n\n<p>Consultad las casas de colonias escolares con las que trabajamos habitualmente. Si la casa de colonias donde os alojar\u00e9is no consta en la lista y est\u00e1is interesados\/as en que vayamos all\u00e1 a hacer la actividad con animales, por favor, poneos en contacto con nosotros. <strong>Gestionaremos vuestra solicitud directamente con la casa de colonias.<\/strong><\/p>\n\n\n\n<div class=\"wp-block-columns is-layout-flex wp-container-core-columns-is-layout-9d6595d7 wp-block-columns-is-layout-flex\">\n<div class=\"wp-block-column is-vertically-aligned-top has-background is-layout-flow wp-block-column-is-layout-flow\" style=\"background-color:#e8e8e8\">\n<figure class=\"wp-block-image size-full\"><img loading=\"lazy\" decoding=\"async\" width=\"400\" height=\"300\" src=\"http:\/\/educando.zoodelpirineu.com\/wp-content\/uploads\/2021\/10\/Cases-de-colonies-La-Carral.png\" alt=\"En la Carral pod\u00e9is pedir actividad nocturna como complemento de vustras colonias escolares.\" class=\"wp-image-336\" srcset=\"https:\/\/educando.zoodelpirineu.com\/wp-content\/uploads\/2021\/10\/Cases-de-colonies-La-Carral.png 400w, https:\/\/educando.zoodelpirineu.com\/wp-content\/uploads\/2021\/10\/Cases-de-colonies-La-Carral-300x225.png 300w\" sizes=\"auto, (max-width: 400px) 100vw, 400px\" \/><\/figure>\n\n\n\n<p class=\"has-text-align-center\"><a href=\"https:\/\/www.alacarral.net\/index.php\/colonies-i-estades\/colonies-escolars\" target=\"_blank\" rel=\"noreferrer noopener\">Casa de colonias la Carral <br>Solson\u00e9s<\/a><\/p>\n<\/div>\n\n\n\n<div class=\"wp-block-column is-vertically-aligned-top has-background is-layout-flow wp-block-column-is-layout-flow\" style=\"background-color:#e8e8e8\">\n<figure class=\"wp-block-image size-full\"><img loading=\"lazy\" decoding=\"async\" width=\"400\" height=\"300\" src=\"http:\/\/educando.zoodelpirineu.com\/wp-content\/uploads\/2021\/10\/Casa-de-colonies-El-Mirador.png\" alt=\"En el Mirador del Port del Comte pod\u00e9is solicitar talleres con animales como una alternativa en caso de mal tiempo.\" class=\"wp-image-337\" srcset=\"https:\/\/educando.zoodelpirineu.com\/wp-content\/uploads\/2021\/10\/Casa-de-colonies-El-Mirador.png 400w, https:\/\/educando.zoodelpirineu.com\/wp-content\/uploads\/2021\/10\/Casa-de-colonies-El-Mirador-300x225.png 300w\" sizes=\"auto, (max-width: 400px) 100vw, 400px\" \/><\/figure>\n\n\n\n<p class=\"has-text-align-center\"><a href=\"http:\/\/www.albergmirador.com\/es\/\" target=\"_blank\" rel=\"noreferrer noopener\">Albergue Mirador<br>Port del Comte<\/a><\/p>\n<\/div>\n\n\n\n<div class=\"wp-block-column is-vertically-aligned-top has-background is-layout-flow wp-block-column-is-layout-flow\" style=\"background-color:#e8e8e8\">\n<figure class=\"wp-block-image size-full\"><img loading=\"lazy\" decoding=\"async\" width=\"400\" height=\"300\" src=\"http:\/\/educando.zoodelpirineu.com\/wp-content\/uploads\/2021\/10\/Hotel-Golf-Natura.png\" alt=\"\" class=\"wp-image-338\" srcset=\"https:\/\/educando.zoodelpirineu.com\/wp-content\/uploads\/2021\/10\/Hotel-Golf-Natura.png 400w, https:\/\/educando.zoodelpirineu.com\/wp-content\/uploads\/2021\/10\/Hotel-Golf-Natura-300x225.png 300w\" sizes=\"auto, (max-width: 400px) 100vw, 400px\" \/><\/figure>\n\n\n\n<p class=\"has-text-align-center\"><a href=\"https:\/\/www.hotelgolfnatura.com\/\" target=\"_blank\" rel=\"noreferrer noopener\">Hotel Golf Natura<br>Port del Comte<\/a><\/p>\n<\/div>\n<\/div>\n\n\n\n<div style=\"height:55px\" aria-hidden=\"true\" class=\"wp-block-spacer\"><\/div>\n\n\n\n<h2 class=\"wp-block-heading\">Los talleres que ofrecemos para colonias escolares<\/h2>\n\n\n\n<div class=\"wp-block-columns is-layout-flex wp-container-core-columns-is-layout-9d6595d7 wp-block-columns-is-layout-flex\">\n<div class=\"wp-block-column is-layout-flow wp-block-column-is-layout-flow\">\n<div class=\"wp-block-columns is-layout-flex wp-container-core-columns-is-layout-9d6595d7 wp-block-columns-is-layout-flex\">\n<div class=\"wp-block-column is-layout-flow wp-block-column-is-layout-flow\">\n<figure class=\"wp-block-image size-full\"><img loading=\"lazy\" decoding=\"async\" width=\"400\" height=\"300\" src=\"https:\/\/educando.zoodelpirineu.com\/wp-content\/uploads\/2021\/11\/Activitat-amb-animals-per-primaria.jpg\" alt=\"\" class=\"wp-image-1486\" srcset=\"https:\/\/educando.zoodelpirineu.com\/wp-content\/uploads\/2021\/11\/Activitat-amb-animals-per-primaria.jpg 400w, https:\/\/educando.zoodelpirineu.com\/wp-content\/uploads\/2021\/11\/Activitat-amb-animals-per-primaria-300x225.jpg 300w\" sizes=\"auto, (max-width: 400px) 100vw, 400px\" \/><\/figure>\n\n\n\n<h2 class=\"wp-block-heading has-text-align-center\"><a href=\"https:\/\/educando.zoodelpirineu.com\/es\/los-buhos-taller-para-primaria\/\">Talleres para escueleas Los B\u00fahos<\/a><\/h2>\n\n\n\n<p>\u00abLos b\u00fahos\u00bb es una actividad de 1 hora ideal para empezar el proyecto sobre las aves rapaces nocturnas. Participen 7 b\u00fahos i 2 mam\u00edferos relacionados con los b\u00fahos.<\/p>\n<\/div>\n\n\n\n<div class=\"wp-block-column is-layout-flow wp-block-column-is-layout-flow\">\n<figure class=\"wp-block-image size-full\"><img loading=\"lazy\" decoding=\"async\" width=\"400\" height=\"300\" src=\"https:\/\/educando.zoodelpirineu.com\/wp-content\/uploads\/2021\/10\/Taula-rodona.png\" alt=\"\" class=\"wp-image-1319\" srcset=\"https:\/\/educando.zoodelpirineu.com\/wp-content\/uploads\/2021\/10\/Taula-rodona.png 400w, https:\/\/educando.zoodelpirineu.com\/wp-content\/uploads\/2021\/10\/Taula-rodona-300x225.png 300w\" sizes=\"auto, (max-width: 400px) 100vw, 400px\" \/><\/figure>\n\n\n\n<h2 class=\"wp-block-heading has-text-align-center\"><a href=\"https:\/\/educando.zoodelpirineu.com\/es\/mesa-redonda\/\">Mesa redonda<\/a><\/h2>\n\n\n\n<p>Taller complementario de 1 hora que anima a los alumnos a utilizar un pensamiento global y estrat\u00e9gico.<\/p>\n<\/div>\n<\/div>\n<\/div>\n\n\n\n<div class=\"wp-block-column is-layout-flow wp-block-column-is-layout-flow\">\n<div class=\"wp-block-columns is-layout-flex wp-container-core-columns-is-layout-9d6595d7 wp-block-columns-is-layout-flex\">\n<div class=\"wp-block-column is-layout-flow wp-block-column-is-layout-flow\">\n<figure class=\"wp-block-image size-full\"><img loading=\"lazy\" decoding=\"async\" width=\"1000\" height=\"750\" src=\"https:\/\/educando.zoodelpirineu.com\/wp-content\/uploads\/2021\/11\/Activitat-escolar-amb-fauna-autoctona.jpg\" alt=\"\" class=\"wp-image-1607\" srcset=\"https:\/\/educando.zoodelpirineu.com\/wp-content\/uploads\/2021\/11\/Activitat-escolar-amb-fauna-autoctona.jpg 1000w, https:\/\/educando.zoodelpirineu.com\/wp-content\/uploads\/2021\/11\/Activitat-escolar-amb-fauna-autoctona-300x225.jpg 300w, https:\/\/educando.zoodelpirineu.com\/wp-content\/uploads\/2021\/11\/Activitat-escolar-amb-fauna-autoctona-768x576.jpg 768w\" sizes=\"auto, (max-width: 1000px) 100vw, 1000px\" \/><\/figure>\n\n\n\n<h2 class=\"wp-block-heading has-text-align-center\"><a href=\"https:\/\/educando.zoodelpirineu.com\/es\/encuentro-con-animales-autoctonos\/\">Encuentro con animales aut\u00f3ctonos <\/a><\/h2>\n\n\n\n<p class=\"has-text-align-left\">Actividad de 1 hora en la escuela. participan 9 animales.<\/p>\n<\/div>\n\n\n\n<div class=\"wp-block-column is-layout-flow wp-block-column-is-layout-flow\">\n<figure class=\"wp-block-image size-full\"><img loading=\"lazy\" decoding=\"async\" width=\"1000\" height=\"750\" src=\"https:\/\/educando.zoodelpirineu.com\/wp-content\/uploads\/2021\/11\/Taller-de-fauna-autoctona.jpg\" alt=\"\" class=\"wp-image-1605\" srcset=\"https:\/\/educando.zoodelpirineu.com\/wp-content\/uploads\/2021\/11\/Taller-de-fauna-autoctona.jpg 1000w, https:\/\/educando.zoodelpirineu.com\/wp-content\/uploads\/2021\/11\/Taller-de-fauna-autoctona-300x225.jpg 300w, https:\/\/educando.zoodelpirineu.com\/wp-content\/uploads\/2021\/11\/Taller-de-fauna-autoctona-768x576.jpg 768w\" sizes=\"auto, (max-width: 1000px) 100vw, 1000px\" \/><\/figure>\n\n\n\n<h2 class=\"wp-block-heading has-text-align-center\"><a href=\"https:\/\/educando.zoodelpirineu.com\/es\/taller-fauna-autoctona\/\">Taller Fauna aut\u00f3ctona<\/a><\/h2>\n\n\n\n<p class=\"has-text-align-left\">Taller completo de 2 horas en la escuela. participan 15 animales aut\u00f3ctonos.<\/p>\n<\/div>\n<\/div>\n<\/div>\n<\/div>\n\n\n\n<div class=\"wp-block-cover\" style=\"min-height:145px;aspect-ratio:unset;\"><span aria-hidden=\"true\" class=\"wp-block-cover__background has-contrast-3-background-color has-background-dim-100 has-background-dim\"><\/span><div class=\"wp-block-cover__inner-container is-layout-flow wp-block-cover-is-layout-flow\">\n<p class=\"has-text-align-left has-large-font-size\">\u00bfRepresentas una casa de colonias?<\/p>\n\n\n\n<p>Si llevas unas casa de colonias o un albergue y est\u00e1s interesado en imncluir los talleres con fauna aut\u00f3ctona en tu oferta educativa, <a href=\"http:\/\/educando.zoodelpirineu.com\/contacte\/\" target=\"_blank\" rel=\"noreferrer noopener\">ponte en contacto con nosotros<\/a>. Estaremos encantados de enriquecer tu propuesta de actividades cn una experiencia \u00fanica con animales.<\/p>\n<\/div><\/div>\n\n\n\n<p><\/p>\n","protected":false},"excerpt":{"rendered":"<p>Descubre nuestros talleres para colonias escolares Actividad nocturna en nuestras colonias escolares La actividad m\u00e1s solicitada en nuestras colonias escolares es la modalidad de actividad nocturna. Despu\u00e9s de cenar los alumnos disfrutan de &#8230; <a title=\"Colonias escolares y actividades educativas\" class=\"read-more\" href=\"https:\/\/educando.zoodelpirineu.com\/es\/colonias-escolares\/\" aria-label=\"Leer m\u00e1s sobre Colonias escolares y actividades educativas\">Llegir m\u00e9s<\/a><\/p>\n","protected":false},"author":1,"featured_media":1478,"parent":0,"menu_order":0,"comment_status":"closed","ping_status":"closed","template":"","meta":{"om_disable_all_campaigns":false,"_monsterinsights_skip_tracking":false,"_monsterinsights_sitenote_active":false,"_monsterinsights_sitenote_note":"","_monsterinsights_sitenote_category":0,"_uf_show_specific_survey":0,"_uf_disable_surveys":false,"footnotes":""},"class_list":{"0":"post-2094","1":"page","2":"type-page","3":"status-publish","4":"has-post-thumbnail","6":"no-featured-image-padding","7":"resize-featured-image"},"aioseo_notices":[],"_links":{"self":[{"href":"https:\/\/educando.zoodelpirineu.com\/es\/wp-json\/wp\/v2\/pages\/2094","targetHints":{"allow":["GET"]}}],"collection":[{"href":"https:\/\/educando.zoodelpirineu.com\/es\/wp-json\/wp\/v2\/pages"}],"about":[{"href":"https:\/\/educando.zoodelpirineu.com\/es\/wp-json\/wp\/v2\/types\/page"}],"author":[{"embeddable":true,"href":"https:\/\/educando.zoodelpirineu.com\/es\/wp-json\/wp\/v2\/users\/1"}],"replies":[{"embeddable":true,"href":"https:\/\/educando.zoodelpirineu.com\/es\/wp-json\/wp\/v2\/comments?post=2094"}],"version-history":[{"count":4,"href":"https:\/\/educando.zoodelpirineu.com\/es\/wp-json\/wp\/v2\/pages\/2094\/revisions"}],"predecessor-version":[{"id":3140,"href":"https:\/\/educando.zoodelpirineu.com\/es\/wp-json\/wp\/v2\/pages\/2094\/revisions\/3140"}],"wp:featuredmedia":[{"embeddable":true,"href":"https:\/\/educando.zoodelpirineu.com\/es\/wp-json\/wp\/v2\/media\/1478"}],"wp:attachment":[{"href":"https:\/\/educando.zoodelpirineu.com\/es\/wp-json\/wp\/v2\/media?parent=2094"}],"curies":[{"name":"wp","href":"https:\/\/api.w.org\/{rel}","templated":true}]}}