{"id":2102,"date":"2021-12-11T18:25:54","date_gmt":"2021-12-11T18:25:54","guid":{"rendered":"https:\/\/educando.zoodelpirineu.com\/oferta-educativa\/"},"modified":"2025-11-25T14:57:43","modified_gmt":"2025-11-25T12:57:43","slug":"recursos-educativos","status":"publish","type":"page","link":"https:\/\/educando.zoodelpirineu.com\/es\/","title":{"rendered":"10 Talleres con animales para escuelas"},"content":{"rendered":"\n<div class=\"wp-block-cover\"><img loading=\"lazy\" decoding=\"async\" width=\"2000\" height=\"800\" class=\"wp-block-cover__image-background wp-image-2544\" alt=\"10 talleres para escuelas con animales\" src=\"https:\/\/educando.zoodelpirineu.com\/wp-content\/uploads\/2023\/08\/talleres-para-escuelas-con-animales.jpg\" data-object-fit=\"cover\" srcset=\"https:\/\/educando.zoodelpirineu.com\/wp-content\/uploads\/2023\/08\/talleres-para-escuelas-con-animales.jpg 2000w, https:\/\/educando.zoodelpirineu.com\/wp-content\/uploads\/2023\/08\/talleres-para-escuelas-con-animales-300x120.jpg 300w, https:\/\/educando.zoodelpirineu.com\/wp-content\/uploads\/2023\/08\/talleres-para-escuelas-con-animales-1024x410.jpg 1024w, https:\/\/educando.zoodelpirineu.com\/wp-content\/uploads\/2023\/08\/talleres-para-escuelas-con-animales-768x307.jpg 768w, https:\/\/educando.zoodelpirineu.com\/wp-content\/uploads\/2023\/08\/talleres-para-escuelas-con-animales-1536x614.jpg 1536w\" sizes=\"auto, (max-width: 2000px) 100vw, 2000px\" \/><span aria-hidden=\"true\" class=\"wp-block-cover__background has-background-dim-60 has-background-dim\"><\/span><div class=\"wp-block-cover__inner-container is-layout-constrained wp-block-cover-is-layout-constrained\">\n<p class=\"has-text-align-center has-base-3-color has-text-color has-large-font-size\">Talleres en los que los ni\u00f1os entran en contacto con animales protegidos de nuestro pa\u00eds.<\/p>\n\n\n\n<p class=\"has-text-align-center has-base-3-color has-text-color has-medium-font-size\"><em>Los observar\u00e1n, interactuar\u00e1n con ellos y entender\u00e1n la importancia de la protecci\u00f3n del medio ambiente.<\/em><\/p>\n\n\n\n<div style=\"height:60px\" aria-hidden=\"true\" class=\"wp-block-spacer\"><\/div>\n\n\n\n<div class=\"wp-block-buttons is-content-justification-center is-layout-flex wp-container-core-buttons-is-layout-16018d1d wp-block-buttons-is-layout-flex\">\n<div class=\"wp-block-button\"><a class=\"wp-block-button__link has-medium-font-size has-custom-font-size wp-element-button\" href=\"https:\/\/educando.zoodelpirineu.com\/es\/como-contratar-nuestras-actividades\/\" style=\"border-radius:0px\">CONTRATAR TALLER CON ANIMALES PARA ESCUELAS<\/a><\/div>\n<\/div>\n\n\n\n<div style=\"height:60px\" aria-hidden=\"true\" class=\"wp-block-spacer\"><\/div>\n\n\n\n<div class=\"wp-block-buttons alignwide is-content-justification-center is-layout-flex wp-container-core-buttons-is-layout-16018d1d wp-block-buttons-is-layout-flex\">\n<div class=\"wp-block-button\"><a class=\"wp-block-button__link has-contrast-color has-base-3-background-color has-text-color has-background has-link-color wp-element-button\" href=\"https:\/\/educando.zoodelpirineu.com\/wp-content\/uploads\/2025\/11\/Oferta-educativa-curs-2025-26.pdf\">DESCARGA NUESTRA OFERTA EDUCATIVA COMPLETA PARA EL CURSO 2025-26<\/a><\/div>\n<\/div>\n<\/div><\/div>\n\n<div style=\"height:100px\" aria-hidden=\"true\" class=\"wp-block-spacer\"><\/div>\n\n<h2 class=\"wp-block-heading has-text-align-center\">Estamos en una misi\u00f3n<\/h2>\n\n<p class=\"has-text-align-center\"><strong>Queremos que todos los ni\u00f1os y ni\u00f1as que viven en Catalu\u00f1a conozcan a los animales salvajes de nuestro pa\u00eds<\/strong>. \u00bfNos ayud\u00e1is? <\/p>\n\n<p class=\"has-text-align-center\">Solo si conocemos a los animales y creamos v\u00ednculos emotivos con ellos nos implicaremos en su protecci\u00f3n.<\/p>\n\n<p class=\"has-text-align-center has-base-background-color has-background has-medium-font-size\"><br\/>En el Zoo de los Pirineos rescatamos animales salvajes. Y son justo estas v\u00edctimas de la acci\u00f3n humana que participan en los talleres con animales para escuelas. <strong>Ver, acariciar y alimentar a estos animales<\/strong> despierta la empat\u00eda en los j\u00f3venes y les hace ver la necesidad real de la protecci\u00f3n del medio natural. <br\/><br\/>Su efecto sobre el aprendizaje en el aula es muy positivo. A menudo, los docentes <strong>incentivan el inter\u00e9s de los alumnos<\/strong> con la promesa de poder participar en nuestros talleres a lo largo de los proyectos educativos.<br\/><\/p>\n\n<div class=\"wp-block-buttons is-content-justification-center is-layout-flex wp-container-core-buttons-is-layout-16018d1d wp-block-buttons-is-layout-flex\">\n<div class=\"wp-block-button\"><a class=\"wp-block-button__link has-medium-font-size has-custom-font-size wp-element-button\" href=\"https:\/\/educando.zoodelpirineu.com\/es\/como-contratar-nuestras-actividades\/\" style=\"border-radius:0px\">CONTRATAR TALLER CON ANIMALES PARA ESCUELAS<\/a><\/div>\n<\/div>\n\n<div style=\"height:100px\" aria-hidden=\"true\" class=\"wp-block-spacer\"><\/div>\n\n<h2 class=\"wp-block-heading has-text-align-center\">Opciones de talleres con animales para escuelas<\/h2>\n\n<div class=\"wp-block-columns is-layout-flex wp-container-core-columns-is-layout-9d6595d7 wp-block-columns-is-layout-flex\">\n<div class=\"wp-block-column is-layout-flow wp-block-column-is-layout-flow\" style=\"flex-basis:5%\"><\/div>\n\n\n\n<div class=\"wp-block-column is-layout-flow wp-block-column-is-layout-flow\">\n<div class=\"wp-block-cover is-light\"><img decoding=\"async\" class=\"wp-block-cover__image-background wp-image-3279\" alt=\"Escuela visita Zoo de los Pirineos\" src=\"https:\/\/visitar.zoodelpirineu.com\/wp-content\/uploads\/2023\/01\/Zoo-donde-puedes-acariciar-animales.jpg\" data-object-fit=\"cover\"\/><span aria-hidden=\"true\" class=\"wp-block-cover__background has-background-dim\"><\/span><div class=\"wp-block-cover__inner-container is-layout-flow wp-block-cover-is-layout-flow\">\n<h2 class=\"wp-block-heading has-text-align-center has-base-3-color has-text-color has-large-font-size\">Visitar refugio de animales salvajes<\/h2>\n\n\n\n<p class=\"has-text-align-center has-base-3-color has-text-color has-medium-font-size\"><em>Una excursi\u00f3n extraordinaria que los alumnos amar\u00e1n, sus padres aprobar\u00e1n y los docentes disfrutar\u00e1n.<\/em><\/p>\n\n\n\n<div style=\"height:20px\" aria-hidden=\"true\" class=\"wp-block-spacer\"><\/div>\n\n\n\n<div class=\"wp-block-buttons is-content-justification-space-between is-layout-flex wp-container-core-buttons-is-layout-1ebe6364 wp-block-buttons-is-layout-flex\">\n<div class=\"wp-block-button has-custom-width wp-block-button__width-100\"><a class=\"wp-block-button__link wp-element-button\" href=\"https:\/\/educando.zoodelpirineu.com\/es\/excursiones-escolares\/\" style=\"border-radius:0px\">Visitar refugio de animales<\/a><\/div>\n<\/div>\n<\/div><\/div>\n<\/div>\n\n\n\n<div class=\"wp-block-column is-layout-flow wp-block-column-is-layout-flow\">\n<div class=\"wp-block-cover is-light\"><img decoding=\"async\" class=\"wp-block-cover__image-background wp-image-4324\" alt=\"Zoo la a la escuela\" src=\"https:\/\/visitar.zoodelpirineu.com\/wp-content\/uploads\/2023\/03\/Tallers-a-escola.jpg\" style=\"object-position:84% 49%\" data-object-fit=\"cover\" data-object-position=\"84% 49%\"\/><span aria-hidden=\"true\" class=\"wp-block-cover__background has-background-dim\"><\/span><div class=\"wp-block-cover__inner-container is-layout-flow wp-block-cover-is-layout-flow\">\n<p class=\"has-text-align-center has-base-3-color has-text-color has-large-font-size\">El Zoo va a la Escuela<\/p>\n\n\n\n<p class=\"has-text-align-center has-base-3-color has-text-color has-medium-font-size\"><em>Talleres con animales protegidos en las aulas de los centros educativos de toda Catalu\u00f1a<\/em>.<\/p>\n\n\n\n<div style=\"height:20px\" aria-hidden=\"true\" class=\"wp-block-spacer\"><\/div>\n\n\n\n<div class=\"wp-block-buttons is-content-justification-center is-layout-flex wp-container-core-buttons-is-layout-16018d1d wp-block-buttons-is-layout-flex\">\n<div class=\"wp-block-button has-custom-width wp-block-button__width-100\"><a class=\"wp-block-button__link wp-element-button\" href=\"https:\/\/educando.zoodelpirineu.com\/es\/actividades-escolares\/\" style=\"border-radius:0px\">Talleres en las escuelas<\/a><\/div>\n<\/div>\n<\/div><\/div>\n<\/div>\n\n\n\n<div class=\"wp-block-column is-layout-flow wp-block-column-is-layout-flow\">\n<div class=\"wp-block-cover is-light\"><img loading=\"lazy\" decoding=\"async\" width=\"800\" height=\"600\" class=\"wp-block-cover__image-background wp-image-2547\" alt=\"\" src=\"https:\/\/educando.zoodelpirineu.com\/wp-content\/uploads\/2023\/08\/activitats-amb-animals-a-cases-de-colonies.jpg\" style=\"object-position:66% 40%\" data-object-fit=\"cover\" data-object-position=\"66% 40%\" srcset=\"https:\/\/educando.zoodelpirineu.com\/wp-content\/uploads\/2023\/08\/activitats-amb-animals-a-cases-de-colonies.jpg 800w, https:\/\/educando.zoodelpirineu.com\/wp-content\/uploads\/2023\/08\/activitats-amb-animals-a-cases-de-colonies-300x225.jpg 300w, https:\/\/educando.zoodelpirineu.com\/wp-content\/uploads\/2023\/08\/activitats-amb-animals-a-cases-de-colonies-768x576.jpg 768w\" sizes=\"auto, (max-width: 800px) 100vw, 800px\" \/><span aria-hidden=\"true\" class=\"wp-block-cover__background has-background-dim\"><\/span><div class=\"wp-block-cover__inner-container is-layout-flow wp-block-cover-is-layout-flow\">\n<h2 class=\"wp-block-heading has-text-align-center has-base-3-color has-text-color has-large-font-size\">Zoo va a la casa de colonias<\/h2>\n\n\n\n<p class=\"has-text-align-center has-base-3-color has-text-color has-medium-font-size\"><em>Los alumnos pueden disfrutar de un encuentro con animales salvajes durante su estancia en casas de colonias.<\/em><\/p>\n\n\n\n<div style=\"height:20px\" aria-hidden=\"true\" class=\"wp-block-spacer\"><\/div>\n\n\n\n<div class=\"wp-block-buttons is-content-justification-space-between is-layout-flex wp-container-core-buttons-is-layout-1ebe6364 wp-block-buttons-is-layout-flex\">\n<div class=\"wp-block-button has-custom-width wp-block-button__width-100\"><a class=\"wp-block-button__link wp-element-button\" href=\"https:\/\/educando.zoodelpirineu.com\/es\/visitar-zoo-del-pirineu\/\" style=\"border-radius:0px\">Casas de colonias colaboradoras<\/a><\/div>\n<\/div>\n<\/div><\/div>\n<\/div>\n\n\n\n<div class=\"wp-block-column is-layout-flow wp-block-column-is-layout-flow\" style=\"flex-basis:5%\"><\/div>\n<\/div>\n\n<div style=\"height:100px\" aria-hidden=\"true\" class=\"wp-block-spacer\"><\/div>\n\n<h2 class=\"wp-block-heading has-text-align-center\">Edad de los alumnos<\/h2>\n\n<div class=\"wp-block-columns is-layout-flex wp-container-core-columns-is-layout-9d6595d7 wp-block-columns-is-layout-flex\">\n<div class=\"wp-block-column is-layout-flow wp-block-column-is-layout-flow\" style=\"flex-basis:25%\"><\/div>\n\n\n\n<div class=\"wp-block-column is-layout-flow wp-block-column-is-layout-flow\" style=\"flex-basis:50%\">\n<p class=\"has-text-align-center\">Las actividades est\u00e1n adaptadas a todos los niveles educativos. Cada una tiene un formato diferente seg\u00fan la edad, conocimiento o necesidades espec\u00edficas de los alumnos.<\/p>\n\n\n\n<p class=\"has-text-align-center\">Adaptamos las actividades para profundizar en un tema particular, si el\/la docente trabaja con alumnos\/as un proyecto espec\u00edfico.<\/p>\n<\/div>\n\n\n\n<div class=\"wp-block-column is-layout-flow wp-block-column-is-layout-flow\" style=\"flex-basis:25%\"><\/div>\n<\/div>\n\n<div style=\"height:55px\" aria-hidden=\"true\" class=\"wp-block-spacer\"><\/div>\n\n<h2 class=\"wp-block-heading has-text-align-center\">Conoce nuestra forma de trabajar<\/h2>\n\n<div class=\"wp-block-media-text alignwide is-stacked-on-mobile has-background\" style=\"background-color:#e8e8e8\"><figure class=\"wp-block-media-text__media\"><img loading=\"lazy\" decoding=\"async\" width=\"1000\" height=\"750\" src=\"http:\/\/educando.zoodelpirineu.com\/wp-content\/uploads\/2021\/11\/Ubicacio-del-Zoo-del-Pirineu.jpg\" alt=\"Ubicaci\u00f3n del Zoo de los Pirineos\" class=\"wp-image-1065 size-full\" srcset=\"https:\/\/educando.zoodelpirineu.com\/wp-content\/uploads\/2021\/11\/Ubicacio-del-Zoo-del-Pirineu.jpg 1000w, https:\/\/educando.zoodelpirineu.com\/wp-content\/uploads\/2021\/11\/Ubicacio-del-Zoo-del-Pirineu-300x225.jpg 300w, https:\/\/educando.zoodelpirineu.com\/wp-content\/uploads\/2021\/11\/Ubicacio-del-Zoo-del-Pirineu-768x576.jpg 768w\" sizes=\"auto, (max-width: 1000px) 100vw, 1000px\" \/><\/figure><div class=\"wp-block-media-text__content\">\n<div style=\"height:25px\" aria-hidden=\"true\" class=\"wp-block-spacer\"><\/div>\n\n\n\n<p>La educaci\u00f3n ambiental es lo que da sentido a nuestro trabajo.<\/p>\n\n\n\n<p><strong>Queremos que nos conozc\u00e1is de primera mano<\/strong>. Estamos seguros de que reconocer\u00e9is el alto nivel de nuestras actividades educativas. <\/p>\n\n\n\n<p>Consecuentemente tenemos la esperanza de que recomendar\u00e1s nuestros talleres con animales salvajes en tu centro educativo como actividad complementaria a las clases lectivas. <\/p>\n\n\n\n<p>\u00a1Te esperamos en el Zoo de los Pirineos! \u00a1Hasta pronto!<\/p>\n\n\n\n<div class=\"wp-block-buttons is-layout-flex wp-block-buttons-is-layout-flex\">\n<div class=\"wp-block-button is-style-fill\"><a class=\"wp-block-button__link wp-element-button\" href=\"https:\/\/educando.zoodelpirineu.com\/es\/descuento-con-carne-docente\/\" target=\"_blank\" rel=\"noreferrer noopener\">Descuento con el Carn\u00e9 Docente<\/a><\/div>\n<\/div>\n<\/div><\/div>\n\n<div style=\"height:55px\" aria-hidden=\"true\" class=\"wp-block-spacer\"><\/div>\n\n<h2 class=\"wp-block-heading has-text-align-center\">Opini\u00f3n de los centros educativos sobre nuestros talleres con animales para escuelas<\/h2>\n\n<div class=\"wp-block-columns is-layout-flex wp-container-core-columns-is-layout-9d6595d7 wp-block-columns-is-layout-flex\">\n<div class=\"wp-block-column has-contrast-color has-base-background-color has-text-color has-background is-layout-flow wp-block-column-is-layout-flow\">\n<p><\/p>\n\n\n\n<h3 class=\"wp-block-heading has-text-align-center has-medium-font-size\"><a href=\"https:\/\/www.escolalamaquinista.cat\/\" target=\"_blank\" rel=\"noreferrer noopener\">Escuela La Maquinista<\/a><br\/><a href=\"https:\/\/www.escolalamaquinista.cat\/\" target=\"_blank\" rel=\"noreferrer noopener\">Barcelona<\/a><\/h3>\n\n\n\n<p class=\"has-text-align-center\"><em>\u201c\u2026Los ni\u00f1os quedaron encantados, incluso alguna familia me escribi\u00f3 para felicitarnos por la actividad. Me pareci\u00f3 muy correcto. Tambi\u00e9n me encant\u00f3 c\u00f3mo daba la informaci\u00f3n y las 3 preguntas que hac\u00eda una vez hab\u00eda acabado de explicarlo. Tambi\u00e9n c\u00f3mo acog\u00eda las preguntas de los ni\u00f1os\u2026\u201d<\/em><\/p>\n<\/div>\n\n\n\n<div class=\"wp-block-column is-layout-flow wp-block-column-is-layout-flow\">\n<p><\/p>\n\n\n\n<h3 class=\"wp-block-heading has-text-align-center has-medium-font-size\"><a href=\"http:\/\/www.jmsanger.com\/ca\/\" target=\"_blank\" rel=\"noreferrer noopener\">Colegio Jes\u00fas Maria Sant Gervasi, Barcelona<\/a><\/h3>\n\n\n\n<p class=\"has-text-align-center\"><em>\u201cQuedamos todas las clases muy agradecidas y emocionadas. Sin embargo comentamos el tema del tiempo. Quiz\u00e1s se alarg\u00f3 un pelo y nos supo mal por vosotros y los animales, ya que hab\u00edamos pactado una hora por grupo. Respecto a los animales y sus explicaciones todo fue genial. Muchas gracias por la experiencia, seguro que repetiremos.\u201d<\/em><\/p>\n<\/div>\n\n\n\n<div class=\"wp-block-column has-base-background-color has-background is-layout-flow wp-block-column-is-layout-flow\">\n<p><\/p>\n\n\n\n<h3 class=\"wp-block-heading has-text-align-center has-medium-font-size\"><a href=\"https:\/\/agora.xtec.cat\/ceipelvinyet\/\" target=\"_blank\" rel=\"noreferrer noopener\">CEIP El Vinyet, Solsona<\/a><\/h3>\n\n\n\n<p class=\"has-text-align-center\"><em>\u201c\u2026Por otra parte, sus explicaciones adaptadas, la forma de tratar a los animales y el respeto que transmiten se convierte en unos aprendizajes muy significativos que es lo que acaba quedando en los ni\u00f1os. \u00a1Muchas gracias por su trabajo!\u201d<\/em><\/p>\n\n\n\n<p><\/p>\n<\/div>\n\n\n\n<div class=\"wp-block-column is-layout-flow wp-block-column-is-layout-flow\">\n<p><\/p>\n\n\n\n<h3 class=\"wp-block-heading has-text-align-center has-medium-font-size\"><a href=\"http:\/\/escoladelladurs.blogspot.com\/\" target=\"_blank\" rel=\"noreferrer noopener\">St. George School Barcelona<\/a><\/h3>\n\n\n\n<p class=\"has-text-align-center\">\u00ab<em>Thank you so very much. We all had a wonderful morning and the children were all entranced and loved seeing and touching the animals. We have had lots of parents telling us today that their children did not stop talking about the animals when they got home on Friday!<\/em>&#8230;\u00bb <\/p>\n<\/div>\n\n\n\n<div class=\"wp-block-column has-contrast-color has-base-background-color has-text-color has-background is-layout-flow wp-block-column-is-layout-flow\">\n<p><\/p>\n\n\n\n<h3 class=\"wp-block-heading has-text-align-center has-medium-font-size\"><a href=\"https:\/\/www.escolaarrels.cat\/\" target=\"_blank\" rel=\"noreferrer noopener\">CEIP Arrels I, Solsona<\/a><\/h3>\n\n\n\n<p class=\"has-text-align-center has-contrast-color has-text-color\"><em>\u201c\u2026Esta visita nos ha servido para iniciar el proyecto de los animales en el aula. Hemos podido observar y valorar muy positivamente c\u00f3mo las explicaciones, observaciones y las vivencias en el zoo han enriquecido en: Vocabulario, capacidad de observaci\u00f3n, ha fomentado la curiosidad por los animales observados y de forma m\u00e1s general, el respeto por la naturaleza.\u201d<\/em><\/p>\n<\/div>\n<\/div>\n\n<div class=\"wp-block-buttons is-content-justification-center is-layout-flex wp-container-core-buttons-is-layout-16018d1d wp-block-buttons-is-layout-flex\">\n<div class=\"wp-block-button\"><a class=\"wp-block-button__link has-medium-font-size has-custom-font-size wp-element-button\" href=\"https:\/\/educando.zoodelpirineu.com\/es\/como-contratar-nuestras-actividades\/\" style=\"border-radius:0px\">CONTRATAR TALLER CON ANIMALES PARA ESCUELAS<\/a><\/div>\n<\/div>\n\n<div style=\"height:60px\" aria-hidden=\"true\" class=\"wp-block-spacer\"><\/div>\n\n<div class=\"wp-block-cover is-light\"><img decoding=\"async\" class=\"wp-block-cover__image-background wp-image-4327\" alt=\"Actividades para escuelas para que los alumnos conozcan animales de nuestro pa\u00eds.\" src=\"https:\/\/visitar.zoodelpirineu.com\/wp-content\/uploads\/2023\/03\/Adaptacio-desparver.jpg\" data-object-fit=\"cover\"\/><span aria-hidden=\"true\" class=\"wp-block-cover__background has-background-dim\"><\/span><div class=\"wp-block-cover__inner-container is-layout-flow wp-block-cover-is-layout-flow\">\n<p class=\"has-text-align-center has-base-3-color has-text-color has-large-font-size\">En el refugio Zoo de los Pirineos actualmente habitan 150 animales de 55 especies aut\u00f3ctonas. Conocer a estos animales, v\u00edctimas de la acci\u00f3n humana, sensibiliza a los alumnos hacia la necesidad de protecci\u00f3n del medio ambiente y al mismo tiempo despierta sorpresa y orgullo sobre la riqueza natural de nuestro pa\u00eds. <\/p>\n\n\n\n<div class=\"wp-block-buttons is-content-justification-center is-layout-flex wp-container-core-buttons-is-layout-16018d1d wp-block-buttons-is-layout-flex\">\n<div class=\"wp-block-button\"><a class=\"wp-block-button__link has-medium-font-size has-custom-font-size wp-element-button\" href=\"https:\/\/educando.zoodelpirineu.com\/es\/como-contratar-nuestras-actividades\/\" style=\"border-radius:0px\">CONTRATAR TALLER CON ANIMALES PARA ESCUELAS<\/a><\/div>\n<\/div>\n<\/div><\/div>\n\n<div class=\"wp-block-columns is-layout-flex wp-container-core-columns-is-layout-9d6595d7 wp-block-columns-is-layout-flex\">\n<div class=\"wp-block-column is-layout-flow wp-block-column-is-layout-flow\" style=\"flex-basis:100%\">\n<div class=\"wp-block-columns is-layout-flex wp-container-core-columns-is-layout-9d6595d7 wp-block-columns-is-layout-flex\">\n<div class=\"wp-block-column is-layout-flow wp-block-column-is-layout-flow\" style=\"flex-basis:100%\">\n<div class=\"wp-block-cover is-light\"><span aria-hidden=\"true\" class=\"wp-block-cover__background has-base-3-background-color has-background-dim\"><\/span><div class=\"wp-block-cover__inner-container is-layout-flow wp-block-cover-is-layout-flow\">\n<h2 class=\"wp-block-heading\">Subvenciones<\/h2>\n\n\n\n<div class=\"wp-block-columns is-layout-flex wp-container-core-columns-is-layout-9d6595d7 wp-block-columns-is-layout-flex\">\n<div class=\"wp-block-column is-layout-flow wp-block-column-is-layout-flow\">\n<figure class=\"wp-block-image size-full is-resized\"><img loading=\"lazy\" decoding=\"async\" width=\"815\" height=\"408\" src=\"https:\/\/educando.zoodelpirineu.com\/wp-content\/uploads\/2025\/02\/LOGO-KIT-DIGITAL.jpeg\" alt=\"\" class=\"wp-image-3085\" style=\"width:auto;height:80px\" srcset=\"https:\/\/educando.zoodelpirineu.com\/wp-content\/uploads\/2025\/02\/LOGO-KIT-DIGITAL.jpeg 815w, https:\/\/educando.zoodelpirineu.com\/wp-content\/uploads\/2025\/02\/LOGO-KIT-DIGITAL-300x150.jpeg 300w, https:\/\/educando.zoodelpirineu.com\/wp-content\/uploads\/2025\/02\/LOGO-KIT-DIGITAL-768x384.jpeg 768w\" sizes=\"auto, (max-width: 815px) 100vw, 815px\" \/><\/figure>\n<\/div>\n\n\n\n<div class=\"wp-block-column is-layout-flow wp-block-column-is-layout-flow\">\n<figure class=\"wp-block-image size-large is-resized\"><img loading=\"lazy\" decoding=\"async\" width=\"1024\" height=\"576\" src=\"https:\/\/educando.zoodelpirineu.com\/wp-content\/uploads\/2025\/02\/LOGO-COLOR-1024x576.jpg\" alt=\"\" class=\"wp-image-3088\" style=\"width:auto;height:80px\" srcset=\"https:\/\/educando.zoodelpirineu.com\/wp-content\/uploads\/2025\/02\/LOGO-COLOR-1024x576.jpg 1024w, https:\/\/educando.zoodelpirineu.com\/wp-content\/uploads\/2025\/02\/LOGO-COLOR-300x169.jpg 300w, https:\/\/educando.zoodelpirineu.com\/wp-content\/uploads\/2025\/02\/LOGO-COLOR-768x432.jpg 768w, https:\/\/educando.zoodelpirineu.com\/wp-content\/uploads\/2025\/02\/LOGO-COLOR-1536x864.jpg 1536w, https:\/\/educando.zoodelpirineu.com\/wp-content\/uploads\/2025\/02\/LOGO-COLOR.jpg 1920w\" sizes=\"auto, (max-width: 1024px) 100vw, 1024px\" \/><\/figure>\n<\/div>\n\n\n\n<div class=\"wp-block-column is-layout-flow wp-block-column-is-layout-flow\">\n<figure class=\"wp-block-image size-large is-resized\"><img loading=\"lazy\" decoding=\"async\" width=\"1024\" height=\"272\" src=\"https:\/\/educando.zoodelpirineu.com\/wp-content\/uploads\/2025\/02\/ES-Financiado-por-la-Union-Europea_PANTONE-1024x272.jpg\" alt=\"\" class=\"wp-image-3091\" style=\"width:auto;height:80px\" srcset=\"https:\/\/educando.zoodelpirineu.com\/wp-content\/uploads\/2025\/02\/ES-Financiado-por-la-Union-Europea_PANTONE-1024x272.jpg 1024w, https:\/\/educando.zoodelpirineu.com\/wp-content\/uploads\/2025\/02\/ES-Financiado-por-la-Union-Europea_PANTONE-300x80.jpg 300w, https:\/\/educando.zoodelpirineu.com\/wp-content\/uploads\/2025\/02\/ES-Financiado-por-la-Union-Europea_PANTONE-768x204.jpg 768w, https:\/\/educando.zoodelpirineu.com\/wp-content\/uploads\/2025\/02\/ES-Financiado-por-la-Union-Europea_PANTONE-1536x407.jpg 1536w, https:\/\/educando.zoodelpirineu.com\/wp-content\/uploads\/2025\/02\/ES-Financiado-por-la-Union-Europea_PANTONE-2048x543.jpg 2048w\" sizes=\"auto, (max-width: 1024px) 100vw, 1024px\" \/><\/figure>\n<\/div>\n\n\n\n<div class=\"wp-block-column is-layout-flow wp-block-column-is-layout-flow\">\n<div class=\"wp-block-buttons is-content-justification-center is-layout-flex wp-container-core-buttons-is-layout-16018d1d wp-block-buttons-is-layout-flex\">\n<div class=\"wp-block-button\"><a class=\"wp-block-button__link wp-element-button\" href=\"https:\/\/educando.zoodelpirineu.com\/es\/declaracio-daccessibilitat\/\">Declaraci\u00f3n de accesibilidad<\/a><\/div>\n<\/div>\n<\/div>\n\n\n\n<div class=\"wp-block-column is-layout-flow wp-block-column-is-layout-flow\">\n<div class=\"wp-block-buttons is-content-justification-center is-layout-flex wp-container-core-buttons-is-layout-16018d1d wp-block-buttons-is-layout-flex\">\n<div class=\"wp-block-button\"><a class=\"wp-block-button__link wp-element-button\" href=\"https:\/\/educando.zoodelpirineu.com\/es\/mapa-web\/\">Mapa Web<\/a><\/div>\n<\/div>\n<\/div>\n<\/div>\n<\/div><\/div>\n<\/div>\n<\/div>\n<\/div>\n<\/div>\n","protected":false},"excerpt":{"rendered":"<p>Estamos en una misi\u00f3n Queremos que todos los ni\u00f1os y ni\u00f1as que viven en Catalu\u00f1a conozcan a los animales salvajes de nuestro pa\u00eds. \u00bfNos ayud\u00e1is? Solo si conocemos a los animales y creamos &#8230; <a title=\"10 Talleres con animales para escuelas\" class=\"read-more\" href=\"https:\/\/educando.zoodelpirineu.com\/es\/\" aria-label=\"Leer m\u00e1s sobre 10 Talleres con animales para escuelas\">Llegir m\u00e9s<\/a><\/p>\n","protected":false},"author":1,"featured_media":1669,"parent":0,"menu_order":0,"comment_status":"closed","ping_status":"closed","template":"","meta":{"om_disable_all_campaigns":false,"_monsterinsights_skip_tracking":false,"_monsterinsights_sitenote_active":false,"_monsterinsights_sitenote_note":"","_monsterinsights_sitenote_category":0,"_uf_show_specific_survey":0,"_uf_disable_surveys":false,"footnotes":""},"class_list":{"0":"post-2102","1":"page","2":"type-page","3":"status-publish","4":"has-post-thumbnail","6":"no-featured-image-padding","7":"resize-featured-image"},"aioseo_notices":[],"_links":{"self":[{"href":"https:\/\/educando.zoodelpirineu.com\/es\/wp-json\/wp\/v2\/pages\/2102","targetHints":{"allow":["GET"]}}],"collection":[{"href":"https:\/\/educando.zoodelpirineu.com\/es\/wp-json\/wp\/v2\/pages"}],"about":[{"href":"https:\/\/educando.zoodelpirineu.com\/es\/wp-json\/wp\/v2\/types\/page"}],"author":[{"embeddable":true,"href":"https:\/\/educando.zoodelpirineu.com\/es\/wp-json\/wp\/v2\/users\/1"}],"replies":[{"embeddable":true,"href":"https:\/\/educando.zoodelpirineu.com\/es\/wp-json\/wp\/v2\/comments?post=2102"}],"version-history":[{"count":19,"href":"https:\/\/educando.zoodelpirineu.com\/es\/wp-json\/wp\/v2\/pages\/2102\/revisions"}],"predecessor-version":[{"id":3604,"href":"https:\/\/educando.zoodelpirineu.com\/es\/wp-json\/wp\/v2\/pages\/2102\/revisions\/3604"}],"wp:featuredmedia":[{"embeddable":true,"href":"https:\/\/educando.zoodelpirineu.com\/es\/wp-json\/wp\/v2\/media\/1669"}],"wp:attachment":[{"href":"https:\/\/educando.zoodelpirineu.com\/es\/wp-json\/wp\/v2\/media?parent=2102"}],"curies":[{"name":"wp","href":"https:\/\/api.w.org\/{rel}","templated":true}]}}