{"id":2360,"date":"2022-10-17T13:55:36","date_gmt":"2022-10-17T11:55:36","guid":{"rendered":"https:\/\/educando.zoodelpirineu.com\/talleres-en-la-escuela\/"},"modified":"2025-11-25T14:32:24","modified_gmt":"2025-11-25T12:32:24","slug":"actividades-escolares","status":"publish","type":"page","link":"https:\/\/educando.zoodelpirineu.com\/es\/actividades-escolares\/","title":{"rendered":"Talleres en la escuela"},"content":{"rendered":"\n<div class=\"wp-block-cover has-parallax\"><div role=\"img\" aria-label=\"Tallers a l'escola\" class=\"wp-block-cover__image-background wp-image-1215 size-full has-parallax\" style=\"background-position:50% 50%;background-image:url(https:\/\/educando.zoodelpirineu.com\/wp-content\/uploads\/2021\/11\/Tallers-a-escola.jpg)\"><\/div><span aria-hidden=\"true\" class=\"wp-block-cover__background has-contrast-background-color has-background-dim\"><\/span><div class=\"wp-block-cover__inner-container is-layout-constrained wp-block-cover-is-layout-constrained\">\n<div style=\"height:150px\" aria-hidden=\"true\" class=\"wp-block-spacer\"><\/div>\n\n\n\n<p class=\"has-text-align-center has-large-font-size\">Talleres en la escuela con animales salvajes de Catalu\u00f1a<\/p>\n\n\n\n<p class=\"has-text-align-center has-medium-font-size\">Llevamos la naturaleza y la fauna del Pirineo en tu aula con actividades vivenciales para todas las edades.<\/p>\n\n\n\n<div style=\"height:10px\" aria-hidden=\"true\" class=\"wp-block-spacer\"><\/div>\n\n\n\n<div class=\"wp-block-buttons is-content-justification-center is-layout-flex wp-container-core-buttons-is-layout-16018d1d wp-block-buttons-is-layout-flex\">\n<div class=\"wp-block-button\"><a class=\"wp-block-button__link wp-element-button\" href=\"#edat\" style=\"border-radius:0px\">Consulta talleres por edad<\/a><\/div>\n<\/div>\n\n\n\n<div style=\"height:40px\" aria-hidden=\"true\" class=\"wp-block-spacer\"><\/div>\n<\/div><\/div>\n\n<div style=\"height:60px\" aria-hidden=\"true\" class=\"wp-block-spacer\"><\/div>\n\n<div class=\"wp-block-columns is-layout-flex wp-container-core-columns-is-layout-9d6595d7 wp-block-columns-is-layout-flex\">\n<div class=\"wp-block-column is-layout-flow wp-block-column-is-layout-flow\" style=\"flex-basis:20%\"><\/div>\n\n\n\n<div class=\"wp-block-column is-layout-flow wp-block-column-is-layout-flow\"><div class=\"wp-block-image\">\n<figure class=\"aligncenter size-full is-resized\"><img loading=\"lazy\" decoding=\"async\" width=\"1024\" height=\"1024\" src=\"https:\/\/educando.zoodelpirineu.com\/wp-content\/uploads\/2025\/11\/Educacio-ambiental-picto.png\" alt=\"Beneficios de los talleres en la escuela del Zoo de los Pirineos: emoci&#xF3;n, aprendizaje y respeto por la naturaleza.\" class=\"wp-image-3207\" style=\"width:auto;height:120px\" srcset=\"https:\/\/educando.zoodelpirineu.com\/wp-content\/uploads\/2025\/11\/Educacio-ambiental-picto.png 1024w, https:\/\/educando.zoodelpirineu.com\/wp-content\/uploads\/2025\/11\/Educacio-ambiental-picto-300x300.png 300w, https:\/\/educando.zoodelpirineu.com\/wp-content\/uploads\/2025\/11\/Educacio-ambiental-picto-150x150.png 150w, https:\/\/educando.zoodelpirineu.com\/wp-content\/uploads\/2025\/11\/Educacio-ambiental-picto-768x768.png 768w\" sizes=\"auto, (max-width: 1024px) 100vw, 1024px\" \/><\/figure>\n<\/div>\n\n\n<h2 class=\"wp-block-heading has-text-align-center\">Por qu\u00e9 escoger los talleres en escuelas del Zoo de los Pirineos<\/h2>\n\n\n\n<p class=\"has-text-align-center\">Los <strong>talleres en escuelas<\/strong> del Zoo de los Pirineos unen <strong>emoci\u00f3n, aprendizaje y respeto<\/strong>.<br\/>Llevamos la naturaleza y la fauna aut\u00f3ctona directamente a tu centro para que los alumnos <strong>descubran, sientan y reflexionen<\/strong> sobre la importancia de cuidar nuestro entorno.<\/p>\n\n\n\n<div style=\"height:20px\" aria-hidden=\"true\" class=\"wp-block-spacer\"><\/div>\n\n\n\n<div class=\"wp-block-columns is-layout-flex wp-container-core-columns-is-layout-9d6595d7 wp-block-columns-is-layout-flex\">\n<div class=\"wp-block-column has-base-background-color has-background is-layout-flow wp-block-column-is-layout-flow\"><div class=\"wp-block-image\">\n<figure class=\"aligncenter size-full is-resized\"><img loading=\"lazy\" decoding=\"async\" width=\"320\" height=\"213\" src=\"https:\/\/educando.zoodelpirineu.com\/wp-content\/uploads\/2025\/11\/Activitat-segura-picto.png\" alt=\"Talleres en la escuela del Zoo de los Pirineos son f&#xE1;ciles de contratar.\" class=\"wp-image-3201\" style=\"width:auto;height:100px\" srcset=\"https:\/\/educando.zoodelpirineu.com\/wp-content\/uploads\/2025\/11\/Activitat-segura-picto.png 320w, https:\/\/educando.zoodelpirineu.com\/wp-content\/uploads\/2025\/11\/Activitat-segura-picto-300x200.png 300w\" sizes=\"auto, (max-width: 320px) 100vw, 320px\" \/><\/figure>\n<\/div>\n\n\n<p class=\"has-text-align-center has-medium-font-size\"><strong>Una actividad en la escuela f\u00e1cil y segura<\/strong><\/p>\n\n\n\n<p class=\"has-text-align-center\">Nos desplazamos a tu centro con todo lo necesario: materiales, animales y personal calificado. T\u00fa solo tienes que elegir la fecha. <\/p>\n<\/div>\n\n\n\n<div class=\"wp-block-column has-base-background-color has-background is-layout-flow wp-block-column-is-layout-flow\"><div class=\"wp-block-image\">\n<figure class=\"aligncenter size-full is-resized\"><img loading=\"lazy\" decoding=\"async\" width=\"320\" height=\"213\" src=\"https:\/\/educando.zoodelpirineu.com\/wp-content\/uploads\/2025\/11\/Educacio-alineada-amb-curriculum-picto.png\" alt=\"Talleres educativos en la escuela con animales del Zoo de los Pirineos que conectan aprendizaje y valores ambientales.\" class=\"wp-image-3198\" style=\"width:auto;height:100px\" srcset=\"https:\/\/educando.zoodelpirineu.com\/wp-content\/uploads\/2025\/11\/Educacio-alineada-amb-curriculum-picto.png 320w, https:\/\/educando.zoodelpirineu.com\/wp-content\/uploads\/2025\/11\/Educacio-alineada-amb-curriculum-picto-300x200.png 300w\" sizes=\"auto, (max-width: 320px) 100vw, 320px\" \/><\/figure>\n<\/div>\n\n\n<p class=\"has-text-align-center has-medium-font-size\"><strong>Aprendizaje con sentido y valor educativo<\/strong><\/p>\n\n\n\n<p class=\"has-text-align-center\">Cada taller conecta los contenidos de ciencias naturales y valores sociales, siguiendo el ritmo de cada etapa educativa.<\/p>\n<\/div>\n\n\n\n<div class=\"wp-block-column has-base-background-color has-background is-layout-flow wp-block-column-is-layout-flow\"><div class=\"wp-block-image\">\n<figure class=\"aligncenter size-full is-resized\"><img loading=\"lazy\" decoding=\"async\" width=\"320\" height=\"213\" src=\"https:\/\/educando.zoodelpirineu.com\/wp-content\/uploads\/2025\/11\/Beneficis-aprendre-amb-natura-picto.png\" alt=\"Los talleres en la escuela del Zoo de los Pirineos unen educaci&#xF3;n ambiental y crecimiento personal de los alumnos.\" class=\"wp-image-3195\" style=\"width:auto;height:100px\" srcset=\"https:\/\/educando.zoodelpirineu.com\/wp-content\/uploads\/2025\/11\/Beneficis-aprendre-amb-natura-picto.png 320w, https:\/\/educando.zoodelpirineu.com\/wp-content\/uploads\/2025\/11\/Beneficis-aprendre-amb-natura-picto-300x200.png 300w\" sizes=\"auto, (max-width: 320px) 100vw, 320px\" \/><\/figure>\n<\/div>\n\n\n<p class=\"has-text-align-center has-medium-font-size\"><strong>Una experiencia que despierta emoci\u00f3n y conciencia<\/strong><\/p>\n\n\n\n<p class=\"has-text-align-center\">El contacto con animales rescatados inspira empat\u00eda, respeto y reflexi\u00f3n.<br\/>Los alumnos descubren que amar a la naturaleza es el primer paso para protegerla.<\/p>\n<\/div>\n<\/div>\n\n\n\n<div style=\"height:20px\" aria-hidden=\"true\" class=\"wp-block-spacer\"><\/div>\n\n\n\n<p class=\"has-text-align-center has-medium-font-size\">\u00bfQuieres saber m\u00e1s detalles log\u00edsticos?<br\/><a href=\"https:\/\/educando.zoodelpirineu.com\/es\/category\/informacion-general\/\"><strong>Consulta la informaci\u00f3n pr\u00e1ctica<\/strong><\/a><\/p>\n<\/div>\n\n\n\n<div class=\"wp-block-column is-layout-flow wp-block-column-is-layout-flow\" style=\"flex-basis:20%\"><\/div>\n<\/div>\n\n<div style=\"height:60px\" aria-hidden=\"true\" class=\"wp-block-spacer\"><\/div>\n<div class=\"wp-block-image\">\n<figure class=\"aligncenter size-full is-resized\" id=\"edat\"><img loading=\"lazy\" decoding=\"async\" width=\"1024\" height=\"1024\" src=\"https:\/\/educando.zoodelpirineu.com\/wp-content\/uploads\/2025\/11\/Tallers-segons-edat-picto.png\" alt=\"Br&#xFA;jula que simboliza orientar y elegir los talleres en la escuela seg&#xFA;n la etapa educativa en el Zoo de los Pirineos.\" class=\"wp-image-3192\" style=\"width:auto;height:100px\" srcset=\"https:\/\/educando.zoodelpirineu.com\/wp-content\/uploads\/2025\/11\/Tallers-segons-edat-picto.png 1024w, https:\/\/educando.zoodelpirineu.com\/wp-content\/uploads\/2025\/11\/Tallers-segons-edat-picto-300x300.png 300w, https:\/\/educando.zoodelpirineu.com\/wp-content\/uploads\/2025\/11\/Tallers-segons-edat-picto-150x150.png 150w, https:\/\/educando.zoodelpirineu.com\/wp-content\/uploads\/2025\/11\/Tallers-segons-edat-picto-768x768.png 768w\" sizes=\"auto, (max-width: 1024px) 100vw, 1024px\" \/><\/figure>\n<\/div>\n<h2 class=\"wp-block-heading has-text-align-center\">Elige los talleres en la escuela seg\u00fan la etapa educativa<\/h2>\n\n<p class=\"has-text-align-center\">Elige el tipo de taller seg\u00fan la edad de tu alumnado.<\/p>\n\n<div style=\"height:20px\" aria-hidden=\"true\" class=\"wp-block-spacer\"><\/div>\n\n<div class=\"wp-block-columns is-layout-flex wp-container-core-columns-is-layout-9d6595d7 wp-block-columns-is-layout-flex\">\n<div class=\"wp-block-column is-layout-flow wp-block-column-is-layout-flow\"><\/div>\n\n\n\n<div class=\"wp-block-column has-base-background-color has-background is-layout-flow wp-block-column-is-layout-flow\">\n<figure class=\"wp-block-image size-full\"><img loading=\"lazy\" decoding=\"async\" width=\"400\" height=\"300\" src=\"http:\/\/educando.zoodelpirineu.com\/wp-content\/uploads\/2021\/11\/Tallers-a-lescola-amb-animals.jpg\" alt=\"\" class=\"wp-image-1094\" srcset=\"https:\/\/educando.zoodelpirineu.com\/wp-content\/uploads\/2021\/11\/Tallers-a-lescola-amb-animals.jpg 400w, https:\/\/educando.zoodelpirineu.com\/wp-content\/uploads\/2021\/11\/Tallers-a-lescola-amb-animals-300x225.jpg 300w\" sizes=\"auto, (max-width: 400px) 100vw, 400px\" \/><\/figure>\n\n\n\n<div style=\"height:20px\" aria-hidden=\"true\" class=\"wp-block-spacer\"><\/div>\n\n\n\n<p class=\"has-text-align-center has-medium-font-size\"><a href=\"http:\/\/educando.zoodelpirineu.com\/activitat-amb-animals-per-a-educacio-infantil\/\" target=\"_blank\" rel=\"noreferrer noopener\">Educaci\u00f3n Infantil<\/a><\/p>\n\n\n\n<p class=\"has-text-align-center\">Experiencias sensoriales en el aula con animales que despiertan curiosidad y emoci\u00f3n.<\/p>\n\n\n\n<div class=\"wp-block-buttons is-layout-flex wp-block-buttons-is-layout-flex\">\n<div class=\"wp-block-button has-custom-width wp-block-button__width-100\"><a class=\"wp-block-button__link wp-element-button\" href=\"https:\/\/educando.zoodelpirineu.com\/es\/actividades-con-animales-para-educacion-infantil\/\" style=\"border-radius:0px\">Descubre los talleres para Educaci\u00f3n Infantil<\/a><\/div>\n<\/div>\n<\/div>\n\n\n\n<div class=\"wp-block-column has-base-background-color has-background is-layout-flow wp-block-column-is-layout-flow\">\n<figure class=\"wp-block-image size-full\"><img loading=\"lazy\" decoding=\"async\" width=\"400\" height=\"300\" src=\"http:\/\/educando.zoodelpirineu.com\/wp-content\/uploads\/2021\/11\/Ciencies-naturals.jpg\" alt=\"Actividades escolares primaria\" class=\"wp-image-1076\" srcset=\"https:\/\/educando.zoodelpirineu.com\/wp-content\/uploads\/2021\/11\/Ciencies-naturals.jpg 400w, https:\/\/educando.zoodelpirineu.com\/wp-content\/uploads\/2021\/11\/Ciencies-naturals-300x225.jpg 300w\" sizes=\"auto, (max-width: 400px) 100vw, 400px\" \/><\/figure>\n\n\n\n<div style=\"height:20px\" aria-hidden=\"true\" class=\"wp-block-spacer\"><\/div>\n\n\n\n<p class=\"has-text-align-center has-medium-font-size\"><a href=\"https:\/\/educando.zoodelpirineu.com\/es\/tag\/actividades-escolares-primaria\/\" target=\"_blank\" rel=\"noreferrer noopener\">Educaci\u00f3n Primaria<\/a><\/p>\n\n\n\n<p class=\"has-text-align-center\">Talleres sobre naturaleza, h\u00e1bitats y convivencia con la fauna de Catalu\u00f1a.<\/p>\n\n\n\n<div class=\"wp-block-buttons is-layout-flex wp-block-buttons-is-layout-flex\">\n<div class=\"wp-block-button has-custom-width wp-block-button__width-100\"><a class=\"wp-block-button__link wp-element-button\" href=\"https:\/\/educando.zoodelpirineu.com\/es\/educacion-primaria\/\" style=\"border-radius:0px\">Explora los talleres para Educaci\u00f3n Primaria<\/a><\/div>\n<\/div>\n<\/div>\n\n\n\n<div class=\"wp-block-column has-base-background-color has-background is-layout-flow wp-block-column-is-layout-flow\">\n<figure class=\"wp-block-image size-full\"><img loading=\"lazy\" decoding=\"async\" width=\"400\" height=\"300\" src=\"http:\/\/educando.zoodelpirineu.com\/wp-content\/uploads\/2021\/11\/Ciencies-naturals-ESO.jpg\" alt=\"\" class=\"wp-image-1096\" srcset=\"https:\/\/educando.zoodelpirineu.com\/wp-content\/uploads\/2021\/11\/Ciencies-naturals-ESO.jpg 400w, https:\/\/educando.zoodelpirineu.com\/wp-content\/uploads\/2021\/11\/Ciencies-naturals-ESO-300x225.jpg 300w\" sizes=\"auto, (max-width: 400px) 100vw, 400px\" \/><\/figure>\n\n\n\n<div style=\"height:20px\" aria-hidden=\"true\" class=\"wp-block-spacer\"><\/div>\n\n\n\n<p class=\"has-text-align-center has-medium-font-size\"><a href=\"http:\/\/educando.zoodelpirineu.com\/tag\/activitats-escolars-eso\/\" target=\"_blank\" rel=\"noreferrer noopener\">ESO y Bachillerato<\/a><\/p>\n\n\n\n<p class=\"has-text-align-center\">Actividades de reflexi\u00f3n sobre ecolog\u00eda, respeto y responsabilidad ambiental.<\/p>\n\n\n\n<div class=\"wp-block-buttons is-layout-flex wp-block-buttons-is-layout-flex\">\n<div class=\"wp-block-button has-custom-width wp-block-button__width-100\"><a class=\"wp-block-button__link wp-element-button\" href=\"https:\/\/educando.zoodelpirineu.com\/es\/eso\/\" style=\"border-radius:0px\">Elige las actividades para ESO y Bachillerato<\/a><\/div>\n<\/div>\n<\/div>\n\n\n\n<div class=\"wp-block-column is-layout-flow wp-block-column-is-layout-flow\"><\/div>\n<\/div>\n\n<div style=\"height:20px\" aria-hidden=\"true\" class=\"wp-block-spacer\"><\/div>\n\n<div class=\"wp-block-columns is-layout-flex wp-container-core-columns-is-layout-9d6595d7 wp-block-columns-is-layout-flex\">\n<div class=\"wp-block-column is-layout-flow wp-block-column-is-layout-flow\"><\/div>\n\n\n\n<div class=\"wp-block-column is-layout-flow wp-block-column-is-layout-flow\">\n<p class=\"has-text-align-center has-medium-font-size\">Haz que la naturaleza entre en tu aula. Educar con emoci\u00f3n es educar para siempre. <\/p>\n\n\n\n<div class=\"wp-block-buttons is-content-justification-center is-layout-flex wp-container-core-buttons-is-layout-16018d1d wp-block-buttons-is-layout-flex\">\n<div class=\"wp-block-button\"><a class=\"wp-block-button__link wp-element-button\" href=\"https:\/\/educando.zoodelpirineu.com\/es\/contactad-con-nosotros\/\">Pide informaci\u00f3n sin compromiso<\/a><\/div>\n<\/div>\n<\/div>\n\n\n\n<div class=\"wp-block-column is-layout-flow wp-block-column-is-layout-flow\"><\/div>\n<\/div>\n\n<div style=\"height:60px\" aria-hidden=\"true\" class=\"wp-block-spacer\"><\/div>\n<div class=\"wp-block-image\">\n<figure class=\"aligncenter size-full is-resized\"><img loading=\"lazy\" decoding=\"async\" width=\"1024\" height=\"1024\" src=\"https:\/\/educando.zoodelpirineu.com\/wp-content\/uploads\/2025\/11\/Guia-pels-docents-picto.png\" alt=\"Gu&#xED;a para planificar los talleres en la escuela del Zoo de los Pirineos, con orientaci&#xF3;n para docentes y educaci&#xF3;n ambiental.\" class=\"wp-image-3189\" style=\"width:auto;height:100px\" srcset=\"https:\/\/educando.zoodelpirineu.com\/wp-content\/uploads\/2025\/11\/Guia-pels-docents-picto.png 1024w, https:\/\/educando.zoodelpirineu.com\/wp-content\/uploads\/2025\/11\/Guia-pels-docents-picto-300x300.png 300w, https:\/\/educando.zoodelpirineu.com\/wp-content\/uploads\/2025\/11\/Guia-pels-docents-picto-150x150.png 150w, https:\/\/educando.zoodelpirineu.com\/wp-content\/uploads\/2025\/11\/Guia-pels-docents-picto-768x768.png 768w\" sizes=\"auto, (max-width: 1024px) 100vw, 1024px\" \/><\/figure>\n<\/div>\n<h2 class=\"wp-block-heading has-text-align-center\">\u00bfC\u00f3mo organizar los talleres en la escuela?<\/h2>\n\n<div class=\"wp-block-columns is-layout-flex wp-container-core-columns-is-layout-9d6595d7 wp-block-columns-is-layout-flex\">\n<div class=\"wp-block-column is-layout-flow wp-block-column-is-layout-flow\" style=\"flex-basis:25%\"><\/div>\n\n\n\n<div class=\"wp-block-column is-layout-flow wp-block-column-is-layout-flow\" style=\"flex-basis:50%\">\n<p class=\"has-text-align-center\">Gu\u00eda completa para docentes sobre los talleres educativos con animales en Catalu\u00f1a.<\/p>\n\n\n\n<p class=\"has-text-align-center\">Descubre de forma f\u00e1cil c\u00f3mo preparar tu actividad: consulta los <strong>requisitos del espacio<\/strong>, los <strong>precios<\/strong> y el <strong>funcionamiento<\/strong> de los talleres organizados por el <strong>Zoo de los Pirineos<\/strong>, centro de referencia en <strong>educaci\u00f3n ambiental<\/strong>.<\/p>\n\n\n\n<div class=\"wp-block-buttons is-content-justification-center is-layout-flex wp-container-core-buttons-is-layout-16018d1d wp-block-buttons-is-layout-flex\">\n<div class=\"wp-block-button\"><a class=\"wp-block-button__link wp-element-button\" href=\"https:\/\/educando.zoodelpirineu.com\/es\/category\/informacion-general\/\">Accede a la gu\u00eda para docentes<\/a><\/div>\n<\/div>\n<\/div>\n\n\n\n<div class=\"wp-block-column is-layout-flow wp-block-column-is-layout-flow\" style=\"flex-basis:25%\"><\/div>\n<\/div>\n\n<div style=\"height:60px\" aria-hidden=\"true\" class=\"wp-block-spacer\"><\/div>\n<div class=\"wp-block-image\">\n<figure class=\"aligncenter size-full is-resized\"><img loading=\"lazy\" decoding=\"async\" width=\"320\" height=\"213\" src=\"https:\/\/educando.zoodelpirineu.com\/wp-content\/uploads\/2025\/11\/Tallers-amb-animals-picto.png\" alt=\"Docente observando a un animal durante los talleres educativos con animales del Zoo de los Pirineos.\" class=\"wp-image-3204\" style=\"width:auto;height:100px\" srcset=\"https:\/\/educando.zoodelpirineu.com\/wp-content\/uploads\/2025\/11\/Tallers-amb-animals-picto.png 320w, https:\/\/educando.zoodelpirineu.com\/wp-content\/uploads\/2025\/11\/Tallers-amb-animals-picto-300x200.png 300w\" sizes=\"auto, (max-width: 320px) 100vw, 320px\" \/><\/figure>\n<\/div>\n<h2 class=\"wp-block-heading has-text-align-center\">Ven a conocer c\u00f3mo hacemos los talleres educativos con animales<\/h2>\n\n<div class=\"wp-block-columns is-layout-flex wp-container-core-columns-is-layout-9d6595d7 wp-block-columns-is-layout-flex\">\n<div class=\"wp-block-column is-layout-flow wp-block-column-is-layout-flow\" style=\"flex-basis:25%\"><\/div>\n\n\n\n<div class=\"wp-block-column is-layout-flow wp-block-column-is-layout-flow\" style=\"flex-basis:50%\">\n<p class=\"has-text-align-center\">Antes de llevar los talleres a tu escuela, puedes visitar el <strong>Zoo de los Pirineos<\/strong> y ver c\u00f3mo trabajamos la <strong>educaci\u00f3n ambiental<\/strong> con los animales rescatados.<\/p>\n\n\n\n<p class=\"has-text-align-center\">Disfruta del <strong>descuento con Carn\u00e9 Docente<\/strong> y v\u00edvelo de primera mano.<\/p>\n\n\n\n<div class=\"wp-block-buttons is-content-justification-center is-layout-flex wp-container-core-buttons-is-layout-16018d1d wp-block-buttons-is-layout-flex\">\n<div class=\"wp-block-button is-style-fill\"><a class=\"wp-block-button__link wp-element-button\" href=\"https:\/\/educando.zoodelpirineu.com\/es\/descuento-profesores-con-carne-docente\/\" target=\"_blank\" rel=\"noreferrer noopener\">Descuento para los Docentes<\/a><\/div>\n<\/div>\n<\/div>\n\n\n\n<div class=\"wp-block-column is-layout-flow wp-block-column-is-layout-flow\" style=\"flex-basis:25%\"><\/div>\n<\/div>\n\n<div style=\"height:60px\" aria-hidden=\"true\" class=\"wp-block-spacer\"><\/div>\n\n<div class=\"wp-block-cover\"><img loading=\"lazy\" decoding=\"async\" width=\"1920\" height=\"600\" class=\"wp-block-cover__image-background wp-image-1103\" alt=\"\" src=\"http:\/\/educando.zoodelpirineu.com\/wp-content\/uploads\/2021\/11\/Aguila-daurada.jpg\" data-object-fit=\"cover\" srcset=\"https:\/\/educando.zoodelpirineu.com\/wp-content\/uploads\/2021\/11\/Aguila-daurada.jpg 1920w, https:\/\/educando.zoodelpirineu.com\/wp-content\/uploads\/2021\/11\/Aguila-daurada-300x94.jpg 300w, https:\/\/educando.zoodelpirineu.com\/wp-content\/uploads\/2021\/11\/Aguila-daurada-1024x320.jpg 1024w, https:\/\/educando.zoodelpirineu.com\/wp-content\/uploads\/2021\/11\/Aguila-daurada-768x240.jpg 768w, https:\/\/educando.zoodelpirineu.com\/wp-content\/uploads\/2021\/11\/Aguila-daurada-1536x480.jpg 1536w\" sizes=\"auto, (max-width: 1920px) 100vw, 1920px\" \/><span aria-hidden=\"true\" class=\"wp-block-cover__background has-background-dim\"><\/span><div class=\"wp-block-cover__inner-container is-layout-flow wp-block-cover-is-layout-flow\">\n<p class=\"has-text-align-center has-large-font-size\"><strong>Haz que la naturaleza entre en tu aula<\/strong>.<br\/>Talleres en la escuela con animales que educan hacia el respeto y el amor por la vida.<\/p>\n<\/div><\/div>\n","protected":false},"excerpt":{"rendered":"<p>Por qu\u00e9 escoger los talleres en escuelas del Zoo de los Pirineos Los talleres en escuelas del Zoo de los Pirineos unen emoci\u00f3n, aprendizaje y respeto.Llevamos la naturaleza y la fauna aut\u00f3ctona directamente &#8230; <a title=\"Talleres en la escuela\" class=\"read-more\" href=\"https:\/\/educando.zoodelpirineu.com\/es\/actividades-escolares\/\" aria-label=\"Leer m\u00e1s sobre Talleres en la escuela\">Llegir m\u00e9s<\/a><\/p>\n","protected":false},"author":1,"featured_media":1657,"parent":0,"menu_order":0,"comment_status":"closed","ping_status":"closed","template":"","meta":{"om_disable_all_campaigns":false,"_monsterinsights_skip_tracking":false,"_monsterinsights_sitenote_active":false,"_monsterinsights_sitenote_note":"","_monsterinsights_sitenote_category":0,"_uf_show_specific_survey":0,"_uf_disable_surveys":false,"footnotes":""},"class_list":{"0":"post-2360","1":"page","2":"type-page","3":"status-publish","4":"has-post-thumbnail","6":"no-featured-image-padding"},"aioseo_notices":[],"_links":{"self":[{"href":"https:\/\/educando.zoodelpirineu.com\/es\/wp-json\/wp\/v2\/pages\/2360","targetHints":{"allow":["GET"]}}],"collection":[{"href":"https:\/\/educando.zoodelpirineu.com\/es\/wp-json\/wp\/v2\/pages"}],"about":[{"href":"https:\/\/educando.zoodelpirineu.com\/es\/wp-json\/wp\/v2\/types\/page"}],"author":[{"embeddable":true,"href":"https:\/\/educando.zoodelpirineu.com\/es\/wp-json\/wp\/v2\/users\/1"}],"replies":[{"embeddable":true,"href":"https:\/\/educando.zoodelpirineu.com\/es\/wp-json\/wp\/v2\/comments?post=2360"}],"version-history":[{"count":11,"href":"https:\/\/educando.zoodelpirineu.com\/es\/wp-json\/wp\/v2\/pages\/2360\/revisions"}],"predecessor-version":[{"id":3594,"href":"https:\/\/educando.zoodelpirineu.com\/es\/wp-json\/wp\/v2\/pages\/2360\/revisions\/3594"}],"wp:featuredmedia":[{"embeddable":true,"href":"https:\/\/educando.zoodelpirineu.com\/es\/wp-json\/wp\/v2\/media\/1657"}],"wp:attachment":[{"href":"https:\/\/educando.zoodelpirineu.com\/es\/wp-json\/wp\/v2\/media?parent=2360"}],"curies":[{"name":"wp","href":"https:\/\/api.w.org\/{rel}","templated":true}]}}