{"id":2373,"date":"2022-10-17T16:32:48","date_gmt":"2022-10-17T14:32:48","guid":{"rendered":"https:\/\/educando.zoodelpirineu.com\/contactad-con-nosotros\/"},"modified":"2024-12-08T16:45:16","modified_gmt":"2024-12-08T14:45:16","slug":"contactad-con-nosotros","status":"publish","type":"page","link":"https:\/\/educando.zoodelpirineu.com\/es\/contactad-con-nosotros\/","title":{"rendered":"Contactad con nosotros"},"content":{"rendered":"\n<div class=\"wp-block-media-text alignwide has-media-on-the-right is-stacked-on-mobile has-background\" style=\"background-color:#e8e8e8\"><div class=\"wp-block-media-text__content\">\n<div style=\"height:10px\" aria-hidden=\"true\" class=\"wp-block-spacer\"><\/div>\n\n\n\n<p>\u00bfHay algo que os haya dejado alguna duda sobre nuestras ofertas educativas? <strong>Contactad con nosotros<\/strong> para aclarar cualquier inseguridad que os pueda surgir.\nEstaremos encantados de responder a todas vuestras preguntas. <\/p>\n\n\n\n<p>Tel\u00e9fono: 610 75 02 24<br\/>Correo electr\u00f3nico: <a href=\"mailto:zoopirineu@gmail.com\">zoopirineu@gmail.com<\/a><br\/>Correo del departamento educativo: <a href=\"mailto:educacio.zoodelpirineu@gmail.com\">educacio.zoodelpirineu@gmail.com<\/a><br\/>WhatsApp: <a href=\"https:\/\/wa.me\/whatsappphonenumber610750224\" target=\"_blank\" rel=\"noreferrer noopener\">610 75 02 24<\/a><\/p>\n\n\n\n<div class=\"wp-block-buttons is-layout-flex wp-block-buttons-is-layout-flex\">\n<div class=\"wp-block-button\"><a class=\"wp-block-button__link wp-element-button\" href=\"https:\/\/api.whatsapp.com\/send?phone=34610750224&amp;text=Hola,%20est%C3%A0s%20contactant%20amb%20el%20refugi%20d'animals%20salvatges%20Zoo%20del%20Pirineu.%20Com%20et%20podem%20ajudar?%20\/\/%20Hola,%20est%C3%A1s%20contactando%20con%20el%20refugio%20de%20animales%20salvajes%20Zoo%20del%20Pirineu.%20%C2%BFEn%20qu%C3%A9%20podemos%20ayudarte?\">Enviar WhatsApp<\/a><\/div>\n<\/div>\n\n\n\n<div style=\"height:10px\" aria-hidden=\"true\" class=\"wp-block-spacer\"><\/div>\n\n\n\n<ul class=\"wp-block-social-links has-icon-color has-icon-background-color is-layout-flex wp-block-social-links-is-layout-flex\"><li style=\"color:#ffffff;background-color:#3962e3;\" class=\"wp-social-link wp-social-link-facebook  wp-block-social-link\"><a href=\"https:\/\/www.facebook.com\/zoodelpirineu\/\" class=\"wp-block-social-link-anchor\"><svg width=\"24\" height=\"24\" viewBox=\"0 0 24 24\" version=\"1.1\" xmlns=\"http:\/\/www.w3.org\/2000\/svg\" aria-hidden=\"true\" focusable=\"false\"><path d=\"M12 2C6.5 2 2 6.5 2 12c0 5 3.7 9.1 8.4 9.9v-7H7.9V12h2.5V9.8c0-2.5 1.5-3.9 3.8-3.9 1.1 0 2.2.2 2.2.2v2.5h-1.3c-1.2 0-1.6.8-1.6 1.6V12h2.8l-.4 2.9h-2.3v7C18.3 21.1 22 17 22 12c0-5.5-4.5-10-10-10z\"><\/path><\/svg><span class=\"wp-block-social-link-label screen-reader-text\">Facebook<\/span><\/a><\/li>\n\n<li style=\"color:#ffffff;background-color:#3962e3;\" class=\"wp-social-link wp-social-link-instagram  wp-block-social-link\"><a href=\"https:\/\/www.instagram.com\/zoodelpirineu\/\" class=\"wp-block-social-link-anchor\"><svg width=\"24\" height=\"24\" viewBox=\"0 0 24 24\" version=\"1.1\" xmlns=\"http:\/\/www.w3.org\/2000\/svg\" aria-hidden=\"true\" focusable=\"false\"><path d=\"M12,4.622c2.403,0,2.688,0.009,3.637,0.052c0.877,0.04,1.354,0.187,1.671,0.31c0.42,0.163,0.72,0.358,1.035,0.673 c0.315,0.315,0.51,0.615,0.673,1.035c0.123,0.317,0.27,0.794,0.31,1.671c0.043,0.949,0.052,1.234,0.052,3.637 s-0.009,2.688-0.052,3.637c-0.04,0.877-0.187,1.354-0.31,1.671c-0.163,0.42-0.358,0.72-0.673,1.035 c-0.315,0.315-0.615,0.51-1.035,0.673c-0.317,0.123-0.794,0.27-1.671,0.31c-0.949,0.043-1.233,0.052-3.637,0.052 s-2.688-0.009-3.637-0.052c-0.877-0.04-1.354-0.187-1.671-0.31c-0.42-0.163-0.72-0.358-1.035-0.673 c-0.315-0.315-0.51-0.615-0.673-1.035c-0.123-0.317-0.27-0.794-0.31-1.671C4.631,14.688,4.622,14.403,4.622,12 s0.009-2.688,0.052-3.637c0.04-0.877,0.187-1.354,0.31-1.671c0.163-0.42,0.358-0.72,0.673-1.035 c0.315-0.315,0.615-0.51,1.035-0.673c0.317-0.123,0.794-0.27,1.671-0.31C9.312,4.631,9.597,4.622,12,4.622 M12,3 C9.556,3,9.249,3.01,8.289,3.054C7.331,3.098,6.677,3.25,6.105,3.472C5.513,3.702,5.011,4.01,4.511,4.511 c-0.5,0.5-0.808,1.002-1.038,1.594C3.25,6.677,3.098,7.331,3.054,8.289C3.01,9.249,3,9.556,3,12c0,2.444,0.01,2.751,0.054,3.711 c0.044,0.958,0.196,1.612,0.418,2.185c0.23,0.592,0.538,1.094,1.038,1.594c0.5,0.5,1.002,0.808,1.594,1.038 c0.572,0.222,1.227,0.375,2.185,0.418C9.249,20.99,9.556,21,12,21s2.751-0.01,3.711-0.054c0.958-0.044,1.612-0.196,2.185-0.418 c0.592-0.23,1.094-0.538,1.594-1.038c0.5-0.5,0.808-1.002,1.038-1.594c0.222-0.572,0.375-1.227,0.418-2.185 C20.99,14.751,21,14.444,21,12s-0.01-2.751-0.054-3.711c-0.044-0.958-0.196-1.612-0.418-2.185c-0.23-0.592-0.538-1.094-1.038-1.594 c-0.5-0.5-1.002-0.808-1.594-1.038c-0.572-0.222-1.227-0.375-2.185-0.418C14.751,3.01,14.444,3,12,3L12,3z M12,7.378 c-2.552,0-4.622,2.069-4.622,4.622S9.448,16.622,12,16.622s4.622-2.069,4.622-4.622S14.552,7.378,12,7.378z M12,15 c-1.657,0-3-1.343-3-3s1.343-3,3-3s3,1.343,3,3S13.657,15,12,15z M16.804,6.116c-0.596,0-1.08,0.484-1.08,1.08 s0.484,1.08,1.08,1.08c0.596,0,1.08-0.484,1.08-1.08S17.401,6.116,16.804,6.116z\"><\/path><\/svg><span class=\"wp-block-social-link-label screen-reader-text\">Instagram<\/span><\/a><\/li>\n\n<li style=\"color:#ffffff;background-color:#3962e3;\" class=\"wp-social-link wp-social-link-twitter  wp-block-social-link\"><a href=\"https:\/\/twitter.com\/zoopirineu\" class=\"wp-block-social-link-anchor\"><svg width=\"24\" height=\"24\" viewBox=\"0 0 24 24\" version=\"1.1\" xmlns=\"http:\/\/www.w3.org\/2000\/svg\" aria-hidden=\"true\" focusable=\"false\"><path d=\"M22.23,5.924c-0.736,0.326-1.527,0.547-2.357,0.646c0.847-0.508,1.498-1.312,1.804-2.27 c-0.793,0.47-1.671,0.812-2.606,0.996C18.324,4.498,17.257,4,16.077,4c-2.266,0-4.103,1.837-4.103,4.103 c0,0.322,0.036,0.635,0.106,0.935C8.67,8.867,5.647,7.234,3.623,4.751C3.27,5.357,3.067,6.062,3.067,6.814 c0,1.424,0.724,2.679,1.825,3.415c-0.673-0.021-1.305-0.206-1.859-0.513c0,0.017,0,0.034,0,0.052c0,1.988,1.414,3.647,3.292,4.023 c-0.344,0.094-0.707,0.144-1.081,0.144c-0.264,0-0.521-0.026-0.772-0.074c0.522,1.63,2.038,2.816,3.833,2.85 c-1.404,1.1-3.174,1.756-5.096,1.756c-0.331,0-0.658-0.019-0.979-0.057c1.816,1.164,3.973,1.843,6.29,1.843 c7.547,0,11.675-6.252,11.675-11.675c0-0.178-0.004-0.355-0.012-0.531C20.985,7.47,21.68,6.747,22.23,5.924z\"><\/path><\/svg><span class=\"wp-block-social-link-label screen-reader-text\">Seguiu-nos per Twitter<\/span><\/a><\/li><\/ul>\n\n\n\n<div style=\"height:40px\" aria-hidden=\"true\" class=\"wp-block-spacer\"><\/div>\n\n\n\n<p class=\"has-text-align-right\"><em>Foto: Anna Kuspert, secretaria del Zoo de los Pirineos<\/em><\/p>\n<\/div><figure class=\"wp-block-media-text__media\"><img loading=\"lazy\" decoding=\"async\" width=\"800\" height=\"600\" src=\"https:\/\/educando.zoodelpirineu.com\/wp-content\/uploads\/2022\/10\/Anna-Kuspert.jpg\" alt=\"Contacto Zoo de los Pirineos\" class=\"wp-image-2427 size-full\" srcset=\"https:\/\/educando.zoodelpirineu.com\/wp-content\/uploads\/2022\/10\/Anna-Kuspert.jpg 800w, https:\/\/educando.zoodelpirineu.com\/wp-content\/uploads\/2022\/10\/Anna-Kuspert-300x225.jpg 300w, https:\/\/educando.zoodelpirineu.com\/wp-content\/uploads\/2022\/10\/Anna-Kuspert-768x576.jpg 768w\" sizes=\"auto, (max-width: 800px) 100vw, 800px\" \/><\/figure><\/div>\n\n<div class=\"wp-block-columns are-vertically-aligned-center is-layout-flex wp-container-core-columns-is-layout-9d6595d7 wp-block-columns-is-layout-flex\">\n<div class=\"wp-block-column is-vertically-aligned-center is-layout-flow wp-block-column-is-layout-flow\">\n<h2 class=\"wp-block-heading\">Direcci\u00f3n:<\/h2>\n\n\n\n<p>Fundaci\u00f3 Zoo del Pirineu<br\/>Ctra. L-401, km 35,6<br\/>25283 Od\u00e8n \/ Lleida  <\/p>\n\n\n\n<p><a href=\"https:\/\/goo.gl\/maps\/bRqsyxX4ReYcW9F46\" target=\"_blank\" rel=\"noreferrer noopener\">Ubicaci\u00f3n del Zoo de los Pirineos en Google Maps<\/a><br\/>Coordenadas: 42.1220218,1.4964348,17<\/p>\n\n\n\n<h3 class=\"wp-block-heading\">\u00bfHasta d\u00f3nde podemos desplazarnos?<\/h3>\n\n\n\n<p>La Fundaci\u00f3n Zoo de los Pirineos puede llevar a cabo las actividades educativas con animales protegidos en los centros educativos de <strong>todo el territorio catal\u00e1n<\/strong>.<\/p>\n<\/div>\n\n\n\n<div class=\"wp-block-column is-vertically-aligned-center is-layout-flow wp-block-column-is-layout-flow\"><div class=\"wpforms-container wpforms-container-full\" id=\"wpforms-259\"><form id=\"wpforms-form-259\" class=\"wpforms-validate wpforms-form wpforms-ajax-form\" data-formid=\"259\" method=\"post\" enctype=\"multipart\/form-data\" action=\"\/es\/wp-json\/wp\/v2\/pages\/2373\" data-token=\"e94d1e76d6d3cd7ee0c79780076f7ae6\" data-token-time=\"1776574025\"><div class=\"wpforms-head-container\"><div class=\"wpforms-title\">Formulari de contacte<\/div><\/div><noscript class=\"wpforms-error-noscript\">Por favor, activa JavaScript en tu navegador para completar este formulario.<\/noscript><div class=\"wpforms-field-container\"><div id=\"wpforms-259-field_3-container\" class=\"wpforms-field wpforms-field-text\" data-field-id=\"3\"><label class=\"wpforms-field-label\" for=\"wpforms-259-field_3\">Nom del centre educatiu <span class=\"wpforms-required-label\">*<\/span><\/label><input type=\"text\" id=\"wpforms-259-field_3\" class=\"wpforms-field-medium wpforms-field-required\" name=\"wpforms[fields][3]\" required><\/div><div id=\"wpforms-259-field_4-container\" class=\"wpforms-field wpforms-field-text\" data-field-id=\"4\"><label class=\"wpforms-field-label\" for=\"wpforms-259-field_4\">Poblaci\u00f3 <span class=\"wpforms-required-label\">*<\/span><\/label><input type=\"text\" id=\"wpforms-259-field_4\" class=\"wpforms-field-medium wpforms-field-required\" name=\"wpforms[fields][4]\" required><\/div><div id=\"wpforms-259-field_1-container\" class=\"wpforms-field wpforms-field-email\" data-field-id=\"1\"><label class=\"wpforms-field-label\" for=\"wpforms-259-field_1\">Correu electr\u00f2nic <span class=\"wpforms-required-label\">*<\/span><\/label><input type=\"email\" id=\"wpforms-259-field_1\" class=\"wpforms-field-medium wpforms-field-required\" name=\"wpforms[fields][1]\" spellcheck=\"false\" required><\/div><div id=\"wpforms-259-field_13-container\" class=\"wpforms-field wpforms-field-name\" data-field-id=\"13\"><label class=\"wpforms-field-label\" for=\"wpforms-259-field_13\">Persona de contacte <span class=\"wpforms-required-label\">*<\/span><\/label><div class=\"wpforms-field-row wpforms-field-medium\"><div class=\"wpforms-field-row-block wpforms-first wpforms-one-half\"><input type=\"text\" id=\"wpforms-259-field_13\" class=\"wpforms-field-name-first wpforms-field-required\" name=\"wpforms[fields][13][first]\" value=\"Nom\" required><label for=\"wpforms-259-field_13\" class=\"wpforms-field-sublabel after wpforms-sublabel-hide\">Nombre<\/label><\/div><div class=\"wpforms-field-row-block wpforms-one-half\"><input type=\"text\" id=\"wpforms-259-field_13-last\" class=\"wpforms-field-name-last wpforms-field-required\" name=\"wpforms[fields][13][last]\" value=\"Cognom\" required><label for=\"wpforms-259-field_13-last\" class=\"wpforms-field-sublabel after wpforms-sublabel-hide\">Apellidos<\/label><\/div><\/div><\/div><div id=\"wpforms-259-field_14-container\" class=\"wpforms-field wpforms-field-divider\" data-field-id=\"14\"><\/div><div id=\"wpforms-259-field_15-container\" class=\"wpforms-field wpforms-field-divider\" data-field-id=\"15\"><\/div><div id=\"wpforms-259-field_5-container\" class=\"wpforms-field wpforms-field-checkbox\" data-field-id=\"5\"><label class=\"wpforms-field-label\">Quin tipus d&#039;activitat us interessa?<\/label><ul id=\"wpforms-259-field_5\"><li class=\"choice-1 depth-1\"><input type=\"checkbox\" id=\"wpforms-259-field_5_1\" name=\"wpforms[fields][5][]\" value=\"Excursi\u00f3 escolar al refugi\"  ><label class=\"wpforms-field-label-inline\" for=\"wpforms-259-field_5_1\">Excursi\u00f3 escolar al refugi<\/label><\/li><li class=\"choice-2 depth-1\"><input type=\"checkbox\" id=\"wpforms-259-field_5_2\" name=\"wpforms[fields][5][]\" value=\"El Zoo va a l&#039;Escola\"  ><label class=\"wpforms-field-label-inline\" for=\"wpforms-259-field_5_2\">El Zoo va a l'Escola<\/label><\/li><li class=\"choice-3 depth-1\"><input type=\"checkbox\" id=\"wpforms-259-field_5_3\" name=\"wpforms[fields][5][]\" value=\"Taller amb animals en una casa de col\u00f2nies\"  ><label class=\"wpforms-field-label-inline\" for=\"wpforms-259-field_5_3\">Taller amb animals en una casa de col\u00f2nies<\/label><\/li><\/ul><\/div><div id=\"wpforms-259-field_6-container\" class=\"wpforms-field wpforms-field-select wpforms-field-select-style-classic\" data-field-id=\"6\"><label class=\"wpforms-field-label\" for=\"wpforms-259-field_6\">Edat dels alumnes<\/label><select id=\"wpforms-259-field_6\" class=\"wpforms-field-small\" name=\"wpforms[fields][6]\"><option value=\"Escola Br\u00e8ssol\" >Escola Br\u00e8ssol<\/option><option value=\"Educaci\u00f3 infantil\" >Educaci\u00f3 infantil<\/option><option value=\"Educaci\u00f3 prim\u00e0ra\" >Educaci\u00f3 prim\u00e0ra<\/option><option value=\"ESO\" >ESO<\/option><option value=\"Formaci\u00f3 postobligat\u00f2ria\" >Formaci\u00f3 postobligat\u00f2ria<\/option><option value=\"Universitat\" >Universitat<\/option><\/select><\/div><div id=\"wpforms-259-field_7-container\" class=\"wpforms-field wpforms-field-number-slider\" data-field-id=\"7\"><label class=\"wpforms-field-label\" for=\"wpforms-259-field_7\">N\u00famero d&#039;alumnes<\/label>\n<input\n\ttype=\"range\"\n\tid=\"wpforms-259-field_7\" class=\"wpforms-field-medium\" name=\"wpforms[fields][7]\" value=\"5\"\t\tmin=\"5\"\n\tmax=\"150\"\n\tstep=\"1\">\n\n<div class=\"wpforms-field-number-slider-hint\"\n\tdata-hint=\"Selected Value: {value}\">\n\tSelected Value: <b>5<\/b><\/div>\n<\/div><div id=\"wpforms-259-field_12-container\" class=\"wpforms-field wpforms-field-date-time\" data-field-id=\"12\"><label class=\"wpforms-field-label\" for=\"wpforms-259-field_12\">Per quin dia voleu contractar l&#039;activitat?<\/label><div class=\"wpforms-datepicker-wrap\"><input type=\"text\" id=\"wpforms-259-field_12\" class=\"wpforms-field-date-time-date wpforms-datepicker wpforms-field-small\" data-date-format=\"d\/m\/Y\" data-disable-past-dates=\"0\" data-input=\"true\" name=\"wpforms[fields][12][date]\" ><a title=\"Borrar fecha\" data-clear class=\"wpforms-datepicker-clear\" style=\"display:none;\"><\/a><\/div><\/div><div id=\"wpforms-259-field_2-container\" class=\"wpforms-field wpforms-field-textarea\" data-field-id=\"2\"><label class=\"wpforms-field-label\" for=\"wpforms-259-field_2\">Hi ha alguna cosa m\u00e9s que haur\u00edem de saber abans de contactar amb vosaltres?<\/label><textarea id=\"wpforms-259-field_2\" class=\"wpforms-field-medium\" name=\"wpforms[fields][2]\" ><\/textarea><\/div><div id=\"wpforms-259-field_11-container\" class=\"wpforms-field wpforms-field-content\" data-field-id=\"11\"><div id=\"wpforms-259-field_11\" class=\"wpforms-field-medium wpforms-field-row\"><p>Moltes gr\u00e0cies per proporcionar les dades. Ens posarem en contacte amb vosaltres en breu per aclarir els detalls i enviar-vos una proposta i un pressupost.<\/p>\n<div class=\"wpforms-field-content-display-frontend-clear\"><\/div><\/div><\/div><\/div><!-- .wpforms-field-container --><div class=\"wpforms-recaptcha-container wpforms-is-recaptcha wpforms-is-recaptcha-type-invisible\" ><div class=\"g-recaptcha\" data-sitekey=\"6Lc5C9ocAAAAAKAnYj0Z3-nmhkzGtemsdsDFxniK\" data-size=\"invisible\"><\/div><\/div><div class=\"wpforms-submit-container\" ><input type=\"hidden\" name=\"wpforms[id]\" value=\"259\"><input type=\"hidden\" name=\"page_title\" value=\"\"><input type=\"hidden\" name=\"page_url\" value=\"https:\/\/educando.zoodelpirineu.com\/es\/wp-json\/wp\/v2\/pages\/2373\"><input type=\"hidden\" name=\"url_referer\" value=\"\"><button type=\"submit\" name=\"wpforms[submit]\" id=\"wpforms-submit-259\" class=\"wpforms-submit\" data-alt-text=\"Sending...\" data-submit-text=\"Enviar\" aria-live=\"assertive\" value=\"wpforms-submit\">Enviar<\/button><img loading=\"lazy\" decoding=\"async\" src=\"https:\/\/educando.zoodelpirineu.com\/wp-content\/plugins\/wpforms\/assets\/images\/submit-spin.svg\" class=\"wpforms-submit-spinner\" style=\"display: none;\" width=\"26\" height=\"26\" alt=\"Cargando\"><\/div><\/form><\/div>  <!-- .wpforms-container -->\n<\/div>\n<\/div>\n\n<div class=\"wp-block-cover\"><span aria-hidden=\"true\" class=\"wp-block-cover__background has-contrast-2-background-color has-background-dim-100 has-background-dim\"><\/span><div class=\"wp-block-cover__inner-container is-layout-flow wp-block-cover-is-layout-flow\">\n<h2 class=\"wp-block-heading\">Horario de apertura del Zoo de los Pirineos<\/h2>\n\n\n\n<h3 class=\"wp-block-heading\">Oficina<\/h3>\n\n\n\n<p>Nuestra secretaria Anna est\u00e1 a vuestra disposici\u00f3n <strong>de lunes a viernes de 9:00 a 18:00<\/strong>.<br\/>Si nos llama fuera de este horario o si en ese momento la secretaria no est\u00e1 disponible os atendr\u00e1 otro miembro de nuestro equipo. Apuntar\u00e1 vuestros datos y Anna se pondr\u00e1 en contacto con vosotros el d\u00eda siguiente.<\/p>\n\n\n\n<h3 class=\"wp-block-heading\">Apertura del parque al p\u00fablico<\/h3>\n\n\n\n<p>El parque est\u00e1 abierto al p\u00fablico todos los d\u00edas, es decir de <strong>lunes a domingo de 10:00 a 18:00<\/strong>.<\/p>\n\n\n\n<h3 class=\"wp-block-heading\">Horario de las actividades educativas<\/h3>\n\n\n\n<p>Nos adaptamos totalmente a vuestras necesidades para el horario de las actividades orientadas a los centros educativos. <strong>Pod\u00e9is contratar las actividades con inicio a las 8:00 y podemos estar con vosotros hasta las 23:00<\/strong>.<\/p>\n<\/div><\/div>\n","protected":false},"excerpt":{"rendered":"<p>Direcci\u00f3n: Fundaci\u00f3 Zoo del PirineuCtra. L-401, km 35,625283 Od\u00e8n \/ Lleida Ubicaci\u00f3n del Zoo de los Pirineos en Google MapsCoordenadas: 42.1220218,1.4964348,17 \u00bfHasta d\u00f3nde podemos desplazarnos? La Fundaci\u00f3n Zoo de los Pirineos puede llevar &#8230; <a title=\"Contactad con nosotros\" class=\"read-more\" href=\"https:\/\/educando.zoodelpirineu.com\/es\/contactad-con-nosotros\/\" aria-label=\"Leer m\u00e1s sobre Contactad con nosotros\">Llegir m\u00e9s<\/a><\/p>\n","protected":false},"author":1,"featured_media":0,"parent":0,"menu_order":0,"comment_status":"closed","ping_status":"closed","template":"","meta":{"om_disable_all_campaigns":false,"_monsterinsights_skip_tracking":false,"_monsterinsights_sitenote_active":false,"_monsterinsights_sitenote_note":"","_monsterinsights_sitenote_category":0,"_uf_show_specific_survey":0,"_uf_disable_surveys":false,"footnotes":""},"class_list":{"0":"post-2373","1":"page","2":"type-page","3":"status-publish","5":"no-featured-image-padding"},"aioseo_notices":[],"_links":{"self":[{"href":"https:\/\/educando.zoodelpirineu.com\/es\/wp-json\/wp\/v2\/pages\/2373","targetHints":{"allow":["GET"]}}],"collection":[{"href":"https:\/\/educando.zoodelpirineu.com\/es\/wp-json\/wp\/v2\/pages"}],"about":[{"href":"https:\/\/educando.zoodelpirineu.com\/es\/wp-json\/wp\/v2\/types\/page"}],"author":[{"embeddable":true,"href":"https:\/\/educando.zoodelpirineu.com\/es\/wp-json\/wp\/v2\/users\/1"}],"replies":[{"embeddable":true,"href":"https:\/\/educando.zoodelpirineu.com\/es\/wp-json\/wp\/v2\/comments?post=2373"}],"version-history":[{"count":5,"href":"https:\/\/educando.zoodelpirineu.com\/es\/wp-json\/wp\/v2\/pages\/2373\/revisions"}],"predecessor-version":[{"id":3079,"href":"https:\/\/educando.zoodelpirineu.com\/es\/wp-json\/wp\/v2\/pages\/2373\/revisions\/3079"}],"wp:attachment":[{"href":"https:\/\/educando.zoodelpirineu.com\/es\/wp-json\/wp\/v2\/media?parent=2373"}],"curies":[{"name":"wp","href":"https:\/\/api.w.org\/{rel}","templated":true}]}}