{"id":2377,"date":"2022-10-17T17:34:57","date_gmt":"2022-10-17T15:34:57","guid":{"rendered":"https:\/\/educando.zoodelpirineu.com\/eso\/"},"modified":"2024-12-08T12:18:51","modified_gmt":"2024-12-08T10:18:51","slug":"eso","status":"publish","type":"page","link":"https:\/\/educando.zoodelpirineu.com\/es\/eso\/","title":{"rendered":"ESO"},"content":{"rendered":"\n<div class=\"wp-block-media-text alignwide has-media-on-the-right is-stacked-on-mobile has-background\" style=\"background-color:#e8e8e8\"><figure class=\"wp-block-media-text__media\"><img loading=\"lazy\" decoding=\"async\" width=\"1000\" height=\"750\" src=\"http:\/\/educando.zoodelpirineu.com\/wp-content\/uploads\/2021\/11\/Ciencies-naturals-per-ESO.jpg\" alt=\"Ciencias naturales para ESO\" class=\"wp-image-1201 size-full\" srcset=\"https:\/\/educando.zoodelpirineu.com\/wp-content\/uploads\/2021\/11\/Ciencies-naturals-per-ESO.jpg 1000w, https:\/\/educando.zoodelpirineu.com\/wp-content\/uploads\/2021\/11\/Ciencies-naturals-per-ESO-300x225.jpg 300w, https:\/\/educando.zoodelpirineu.com\/wp-content\/uploads\/2021\/11\/Ciencies-naturals-per-ESO-768x576.jpg 768w\" sizes=\"auto, (max-width: 1000px) 100vw, 1000px\" \/><\/figure><div class=\"wp-block-media-text__content\">\n<div style=\"height:10px\" aria-hidden=\"true\" class=\"wp-block-spacer\"><\/div>\n\n\n\n<p>El temario de Ciencias Naturales para ESO es muy amplio. Es complicado, o casi imposible por un\/a maestro\/a cumplir con todas las expectativas del curr\u00edculo de Biolog\u00eda, Ecolog\u00eda y Geolog\u00eda.<\/p>\n\n\n\n<p>La Fundaci\u00f3n Zoo de los Pirineos tiene una soluci\u00f3n:<\/p>\n\n\n\n<ul class=\"wp-block-list\"><li>Las actividades con fauna aut\u00f3ctona para ESO que ofrecemos <strong>cubren los temas del plan oficial de educaci\u00f3n<\/strong> de forma global.<\/li><\/ul>\n\n\n\n<ul class=\"wp-block-list\"><li>El <strong>dossier que acompa\u00f1a<\/strong> a la actividad ayuda a los alumnos a entender una parte del sistema complejo de la biolog\u00eda.<\/li><\/ul>\n\n\n\n<p>Interactuar con ejemplares de especies protegidas, amenazadas y\/o que se encuentran en peligro de extinci\u00f3n a nivel mundial deja un impacto emocional en los estudiantes y despierta su inter\u00e9s e implicaci\u00f3n por la ecolog\u00eda. <\/p>\n<\/div><\/div>\n\n<div style=\"height:40px\" aria-hidden=\"true\" class=\"wp-block-spacer\"><\/div>\n\n<div class=\"wp-block-cover has-contrast-3-background-color has-background-dim\" style=\"min-height:93px;aspect-ratio:unset;\"><div class=\"wp-block-cover__inner-container is-layout-flow wp-block-cover-is-layout-flow\">\n<p class=\"has-text-align-left\">Los talleres de fauna aut\u00f3ctona del Zoo de los Pirineos son actividades \u00fanicas desarrolladas en estrecha cooperaci\u00f3n con la <a href=\"http:\/\/mediambient.gencat.cat\/es\/05_ambits_dactuacio\/patrimoni_natural\/\" target=\"_blank\" rel=\"noreferrer noopener\">Direcci\u00f3n General de Medio Ambiente<\/a>. Su objetivo es dar una herramienta \u00fatil a los docentes y profesores de Catalu\u00f1a.<\/p>\n<\/div><\/div>\n\n<div style=\"height:40px\" aria-hidden=\"true\" class=\"wp-block-spacer\"><\/div>\n\n<h2 class=\"wp-block-heading\">Talleres para ESO<\/h2>\n\n<div class=\"wp-block-columns is-layout-flex wp-container-core-columns-is-layout-9d6595d7 wp-block-columns-is-layout-flex\">\n<div class=\"wp-block-column has-luminous-vivid-amber-to-luminous-vivid-orange-gradient-background has-background is-layout-flow wp-block-column-is-layout-flow\" style=\"flex-basis:25%\">\n<figure class=\"wp-block-image size-full\"><img loading=\"lazy\" decoding=\"async\" width=\"1000\" height=\"750\" src=\"http:\/\/educando.zoodelpirineu.com\/wp-content\/uploads\/2021\/11\/ESO-activitats-a-escola.jpg\" alt=\"Talleres para ESO\" class=\"wp-image-1203\" srcset=\"https:\/\/educando.zoodelpirineu.com\/wp-content\/uploads\/2021\/11\/ESO-activitats-a-escola.jpg 1000w, https:\/\/educando.zoodelpirineu.com\/wp-content\/uploads\/2021\/11\/ESO-activitats-a-escola-300x225.jpg 300w, https:\/\/educando.zoodelpirineu.com\/wp-content\/uploads\/2021\/11\/ESO-activitats-a-escola-768x576.jpg 768w\" sizes=\"auto, (max-width: 1000px) 100vw, 1000px\" \/><\/figure>\n\n\n\n<p class=\"has-text-align-center\"><a href=\"http:\/\/educando.zoodelpirineu.com\/tag\/activitats-escolars-eso\/\" target=\"_blank\" rel=\"noreferrer noopener\">Talleres en la escuela<\/a><\/p>\n<\/div>\n\n\n\n<div class=\"wp-block-column has-luminous-vivid-amber-to-luminous-vivid-orange-gradient-background has-background is-layout-flow wp-block-column-is-layout-flow\" style=\"flex-basis:25%\">\n<figure class=\"wp-block-image size-full\"><img loading=\"lazy\" decoding=\"async\" width=\"1000\" height=\"750\" src=\"http:\/\/educando.zoodelpirineu.com\/wp-content\/uploads\/2021\/11\/Visitar-zoo-amb-ESO.jpg\" alt=\"Excursiones escolares\" class=\"wp-image-1182\" srcset=\"https:\/\/educando.zoodelpirineu.com\/wp-content\/uploads\/2021\/11\/Visitar-zoo-amb-ESO.jpg 1000w, https:\/\/educando.zoodelpirineu.com\/wp-content\/uploads\/2021\/11\/Visitar-zoo-amb-ESO-300x225.jpg 300w, https:\/\/educando.zoodelpirineu.com\/wp-content\/uploads\/2021\/11\/Visitar-zoo-amb-ESO-768x576.jpg 768w\" sizes=\"auto, (max-width: 1000px) 100vw, 1000px\" \/><\/figure>\n\n\n\n<p class=\"has-text-align-center\"><a href=\"http:\/\/educando.zoodelpirineu.com\/tag\/sortides-escolars-eso\/\" target=\"_blank\" rel=\"noreferrer noopener\">Salidas escolares para ESO<\/a><\/p>\n<\/div>\n\n\n\n<div class=\"wp-block-column has-luminous-vivid-amber-to-luminous-vivid-orange-gradient-background has-background is-layout-flow wp-block-column-is-layout-flow\" style=\"flex-basis:25%\">\n<figure class=\"wp-block-image size-full\"><img loading=\"lazy\" decoding=\"async\" width=\"400\" height=\"300\" src=\"http:\/\/educando.zoodelpirineu.com\/wp-content\/uploads\/2021\/11\/Ciencies-naturals-ESO-1.jpg\" alt=\"Talleres en la escuela para ESO\" class=\"wp-image-1202\" srcset=\"https:\/\/educando.zoodelpirineu.com\/wp-content\/uploads\/2021\/11\/Ciencies-naturals-ESO-1.jpg 400w, https:\/\/educando.zoodelpirineu.com\/wp-content\/uploads\/2021\/11\/Ciencies-naturals-ESO-1-300x225.jpg 300w\" sizes=\"auto, (max-width: 400px) 100vw, 400px\" \/><\/figure>\n\n\n\n<p class=\"has-text-align-center\"><a href=\"https:\/\/educando.zoodelpirineu.com\/es\/colonias-escolares\/\" target=\"_blank\" rel=\"noreferrer noopener\">Colonias escolares<\/a><\/p>\n<\/div>\n\n\n\n<div class=\"wp-block-column has-luminous-vivid-amber-to-luminous-vivid-orange-gradient-background has-background is-layout-flow wp-block-column-is-layout-flow\" style=\"flex-basis:25%\">\n<figure class=\"wp-block-image size-full\"><img loading=\"lazy\" decoding=\"async\" width=\"400\" height=\"300\" src=\"http:\/\/educando.zoodelpirineu.com\/wp-content\/uploads\/2021\/10\/Preu-del-taller.png\" alt=\"Precios de actividades para ESO\" class=\"wp-image-202\" srcset=\"https:\/\/educando.zoodelpirineu.com\/wp-content\/uploads\/2021\/10\/Preu-del-taller.png 400w, https:\/\/educando.zoodelpirineu.com\/wp-content\/uploads\/2021\/10\/Preu-del-taller-300x225.png 300w\" sizes=\"auto, (max-width: 400px) 100vw, 400px\" \/><\/figure>\n\n\n\n<p class=\"has-text-align-center\"><a href=\"http:\/\/educando.zoodelpirineu.com\/category\/informacio-general\/\" target=\"_blank\" rel=\"noreferrer noopener\">Informaci\u00f3n general<\/a><\/p>\n<\/div>\n<\/div>\n\n<div style=\"height:40px\" aria-hidden=\"true\" class=\"wp-block-spacer\"><\/div>\n\n<div class=\"wp-block-cover has-background-dim has-parallax\" style=\"background-image:url(http:\/\/educando.zoodelpirineu.com\/wp-content\/uploads\/2021\/11\/Otus-scops-1.jpg)\"><div class=\"wp-block-cover__inner-container is-layout-flow wp-block-cover-is-layout-flow\">\n<blockquote class=\"wp-block-quote has-text-align-right is-style-default is-layout-flow wp-block-quote-is-layout-flow\"><p>La protecci\u00f3n de la naturaleza es cosa de todos.<br\/>Nosotros hemos dedicado nuestra vida a salvar a animales salvajes.<br\/>Demuestra que a ti tambi\u00e9n te importa.<\/p><p>Como docente puedes influir en la mente de los j\u00f3venes y despertar su inter\u00e9s por <strong>la protecci\u00f3n del Medio Ambiente<\/strong>.<br\/>Danos la oportunidad de presentar los animales de los que cuidamos a tus alumnos<br\/>y \u00fanete al grupo de las personas que act\u00faan para salvar el planeta<br\/>y transmiten su actitud a los j\u00f3venes.<\/p><p><\/p><cite>Stania Kuspertova, fundadora del Zoo de los Pirineos<\/cite><\/blockquote>\n<\/div><\/div>\n","protected":false},"excerpt":{"rendered":"<p>Talleres para ESO Talleres en la escuela Salidas escolares para ESO Colonias escolares Informaci\u00f3n general<\/p>\n","protected":false},"author":1,"featured_media":1647,"parent":0,"menu_order":0,"comment_status":"closed","ping_status":"closed","template":"","meta":{"om_disable_all_campaigns":false,"_monsterinsights_skip_tracking":false,"_monsterinsights_sitenote_active":false,"_monsterinsights_sitenote_note":"","_monsterinsights_sitenote_category":0,"_uf_show_specific_survey":0,"_uf_disable_surveys":false,"footnotes":""},"class_list":{"0":"post-2377","1":"page","2":"type-page","3":"status-publish","4":"has-post-thumbnail","6":"no-featured-image-padding"},"aioseo_notices":[],"_links":{"self":[{"href":"https:\/\/educando.zoodelpirineu.com\/es\/wp-json\/wp\/v2\/pages\/2377","targetHints":{"allow":["GET"]}}],"collection":[{"href":"https:\/\/educando.zoodelpirineu.com\/es\/wp-json\/wp\/v2\/pages"}],"about":[{"href":"https:\/\/educando.zoodelpirineu.com\/es\/wp-json\/wp\/v2\/types\/page"}],"author":[{"embeddable":true,"href":"https:\/\/educando.zoodelpirineu.com\/es\/wp-json\/wp\/v2\/users\/1"}],"replies":[{"embeddable":true,"href":"https:\/\/educando.zoodelpirineu.com\/es\/wp-json\/wp\/v2\/comments?post=2377"}],"version-history":[{"count":2,"href":"https:\/\/educando.zoodelpirineu.com\/es\/wp-json\/wp\/v2\/pages\/2377\/revisions"}],"predecessor-version":[{"id":3045,"href":"https:\/\/educando.zoodelpirineu.com\/es\/wp-json\/wp\/v2\/pages\/2377\/revisions\/3045"}],"wp:featuredmedia":[{"embeddable":true,"href":"https:\/\/educando.zoodelpirineu.com\/es\/wp-json\/wp\/v2\/media\/1647"}],"wp:attachment":[{"href":"https:\/\/educando.zoodelpirineu.com\/es\/wp-json\/wp\/v2\/media?parent=2377"}],"curies":[{"name":"wp","href":"https:\/\/api.w.org\/{rel}","templated":true}]}}