{"id":3102,"date":"2025-02-04T15:02:54","date_gmt":"2025-02-04T13:02:54","guid":{"rendered":"https:\/\/educando.zoodelpirineu.com\/declaracio-daccessibilitat\/"},"modified":"2025-02-04T15:02:54","modified_gmt":"2025-02-04T13:02:54","slug":"declaracio-daccessibilitat","status":"publish","type":"page","link":"https:\/\/educando.zoodelpirineu.com\/es\/declaracio-daccessibilitat\/","title":{"rendered":"Declaraci\u00f3n de accesibilidad"},"content":{"rendered":"\n<p><strong>Declaraci\u00f3n de Accesibilidad<\/strong> Fundaci\u00f3 Zoo del Pirineu se ha comprometido a hacer accesible su sitio web, de conformidad con normativa WCAG 2.1 en materia de accesibilidad y que se utiliza como evidencia de la justificaci\u00f3n del criterio de accesibilidad del Programa Kit Digital. Est\u00e1 estructurado conforme a los anexos de la norma UNE-EN 301 549:2022. La presente declaraci\u00f3n de accesibilidad se aplica al sitio web <a href=\"https:\/\/educando.zoodelpirineu.com\/es\/\">https:\/\/educando.zoodelpirineu.com\/<\/a>  <\/p>\n","protected":false},"excerpt":{"rendered":"<p>Declaraci\u00f3n de Accesibilidad Fundaci\u00f3 Zoo del Pirineu se ha comprometido a hacer accesible su sitio web, de conformidad con normativa WCAG 2.1 en materia de accesibilidad y que se utiliza como evidencia de &#8230; <a title=\"Declaraci\u00f3n de accesibilidad\" class=\"read-more\" href=\"https:\/\/educando.zoodelpirineu.com\/es\/declaracio-daccessibilitat\/\" aria-label=\"Leer m\u00e1s sobre Declaraci\u00f3n de accesibilidad\">Llegir m\u00e9s<\/a><\/p>\n","protected":false},"author":1,"featured_media":0,"parent":0,"menu_order":0,"comment_status":"closed","ping_status":"closed","template":"","meta":{"om_disable_all_campaigns":false,"_monsterinsights_skip_tracking":false,"_monsterinsights_sitenote_active":false,"_monsterinsights_sitenote_note":"","_monsterinsights_sitenote_category":0,"_uf_show_specific_survey":0,"_uf_disable_surveys":false,"footnotes":""},"class_list":{"0":"post-3102","1":"page","2":"type-page","3":"status-publish","5":"no-featured-image-padding"},"aioseo_notices":[],"_links":{"self":[{"href":"https:\/\/educando.zoodelpirineu.com\/es\/wp-json\/wp\/v2\/pages\/3102","targetHints":{"allow":["GET"]}}],"collection":[{"href":"https:\/\/educando.zoodelpirineu.com\/es\/wp-json\/wp\/v2\/pages"}],"about":[{"href":"https:\/\/educando.zoodelpirineu.com\/es\/wp-json\/wp\/v2\/types\/page"}],"author":[{"embeddable":true,"href":"https:\/\/educando.zoodelpirineu.com\/es\/wp-json\/wp\/v2\/users\/1"}],"replies":[{"embeddable":true,"href":"https:\/\/educando.zoodelpirineu.com\/es\/wp-json\/wp\/v2\/comments?post=3102"}],"version-history":[{"count":1,"href":"https:\/\/educando.zoodelpirineu.com\/es\/wp-json\/wp\/v2\/pages\/3102\/revisions"}],"predecessor-version":[{"id":3103,"href":"https:\/\/educando.zoodelpirineu.com\/es\/wp-json\/wp\/v2\/pages\/3102\/revisions\/3103"}],"wp:attachment":[{"href":"https:\/\/educando.zoodelpirineu.com\/es\/wp-json\/wp\/v2\/media?parent=3102"}],"curies":[{"name":"wp","href":"https:\/\/api.w.org\/{rel}","templated":true}]}}